{"id":48306,"date":"2023-12-12T10:57:28","date_gmt":"2023-12-12T09:57:28","guid":{"rendered":"https:\/\/pet-shopping.de\/shop\/produkt\/dokas-cat-snack-filet-huehnerbrust-22g\/"},"modified":"2023-12-12T10:57:30","modified_gmt":"2023-12-12T09:57:30","slug":"dokas-cat-snack-filet-huehnerbrust-22g","status":"publish","type":"product","link":"https:\/\/all-pets.de\/shop\/produkt\/dokas-cat-snack-filet-huehnerbrust-22g\/","title":{"rendered":"Dokas Cat Snack Filet H\u00fchnerbrust 22g"},"content":{"rendered":"<p>100% delikates H\u00fchnerbrustfilet &#8211; Der saftige Verw\u00f6hnsnack ist f\u00fcr jeden samtpf\u00f6tigen Gourmet aber auch f\u00fcr ern\u00e4hrungssensible Katzen eine delikate Belohnung<\/p>\n<p><strong>Inhaltsstoffe:<\/strong> <\/p>\n<p>100 % H\u00fchnerbrustfilet, gekocht<\/p>\n<p>Rohprotein  33,1%, Rohfett: 4,0 %  Rohasche: 0,9 %  Rohfaser: 0,5 %  Feuchtigkeit: 62,8 %<\/p>\n<p><strong>F\u00fctterungsempfehlung:<\/strong><\/p>\n<p>Als Belohnung zwischen den \u00fcblichen Mahlzeiten. Reduzierung der t\u00e4glichen Futtermenge nach Bedarf (Siehe Energieangabe). Stets ausreichend Trinkwasser bereitstellen. Bitte k\u00fchl und trocken lagern. Nach Anbruch im K\u00fchlschrank aufbewahren und z\u00fcgig verf\u00fcttern. Den Snack unter Aufsicht f\u00fcttern.\u00a0 <\/p>\n","protected":false},"excerpt":{"rendered":"<p>100% delikates H\u00fchnerbrustfilet &#8211; Der saftige Verw\u00f6hnsnack ist f\u00fcr jeden samtpf\u00f6tigen Gourmet aber auch f\u00fcr ern\u00e4hrungssensible Katzen eine delikate Belohnung Inhaltsstoffe: 100 % H\u00fchnerbrustfilet, gekocht Rohprotein 33,1%, Rohfett: 4,0 % Rohasche: 0,9 % Rohfaser: 0,5 % Feuchtigkeit: 62,8 % F\u00fctterungsempfehlung: Als Belohnung zwischen den \u00fcblichen Mahlzeiten. Reduzierung der t\u00e4glichen Futtermenge nach Bedarf (Siehe Energieangabe). Stets [&hellip;]<\/p>\n","protected":false},"featured_media":16642,"comment_status":"closed","ping_status":"open","template":"","meta":[],"product_cat":[13781],"product_tag":[],"class_list":{"0":"post-48306","1":"product","2":"type-product","3":"status-publish","4":"has-post-thumbnail","6":"product_cat-dokas-cat","8":"first","9":"instock","10":"taxable","11":"shipping-taxable","12":"purchasable","13":"product-type-simple"},"_links":{"self":[{"href":"https:\/\/all-pets.de\/shop\/wp-json\/wp\/v2\/product\/48306","targetHints":{"allow":["GET"]}}],"collection":[{"href":"https:\/\/all-pets.de\/shop\/wp-json\/wp\/v2\/product"}],"about":[{"href":"https:\/\/all-pets.de\/shop\/wp-json\/wp\/v2\/types\/product"}],"replies":[{"embeddable":true,"href":"https:\/\/all-pets.de\/shop\/wp-json\/wp\/v2\/comments?post=48306"}],"wp:featuredmedia":[{"embeddable":true,"href":"https:\/\/all-pets.de\/shop\/wp-json\/wp\/v2\/media\/16642"}],"wp:attachment":[{"href":"https:\/\/all-pets.de\/shop\/wp-json\/wp\/v2\/media?parent=48306"}],"wp:term":[{"taxonomy":"product_cat","embeddable":true,"href":"https:\/\/all-pets.de\/shop\/wp-json\/wp\/v2\/product_cat?post=48306"},{"taxonomy":"product_tag","embeddable":true,"href":"https:\/\/all-pets.de\/shop\/wp-json\/wp\/v2\/product_tag?post=48306"}],"curies":[{"name":"wp","href":"https:\/\/api.w.org\/{rel}","templated":true}]}}