{"id":48309,"date":"2023-12-12T10:57:28","date_gmt":"2023-12-12T09:57:28","guid":{"rendered":"https:\/\/pet-shopping.de\/shop\/produkt\/trixie-kuscheltunnel-fuer-kleintiere\/"},"modified":"2023-12-12T10:57:30","modified_gmt":"2023-12-12T09:57:30","slug":"trixie-kuscheltunnel-fuer-kleintiere","status":"publish","type":"product","link":"https:\/\/all-pets.de\/shop\/produkt\/trixie-kuscheltunnel-fuer-kleintiere\/","title":{"rendered":"Trixie Kuscheltunnel f\u00fcr Kleintiere"},"content":{"rendered":"<ul>\n<li>Pl\u00fcsch-Bezug (Polyester)<\/li>\n<li>2 Eing\u00e4nge<\/li>\n<li>komplett mit Pl\u00fcsch (Polyester) ausgestattet<\/li>\n<li>stabiler Halt durch verst\u00e4rkten Ein- und Ausgang<\/li>\n<li>Ma\u00dfe: ca. 27 x 21 x 80 cm<\/li>\n<li>f\u00fcr z. B.: Kaninchen, Meerschweinchen<\/li>\n<li>Farbe: beige<\/li>\n<\/ul>\n","protected":false},"excerpt":{"rendered":"<p>Pl\u00fcsch-Bezug (Polyester) 2 Eing\u00e4nge komplett mit Pl\u00fcsch (Polyester) ausgestattet stabiler Halt durch verst\u00e4rkten Ein- und Ausgang Ma\u00dfe: ca. 27 x 21 x 80 cm f\u00fcr z. B.: Kaninchen, Meerschweinchen Farbe: beige<\/p>\n","protected":false},"featured_media":48310,"comment_status":"closed","ping_status":"open","template":"","meta":[],"product_cat":[14305],"product_tag":[],"class_list":{"0":"post-48309","1":"product","2":"type-product","3":"status-publish","4":"has-post-thumbnail","6":"product_cat-tunnel-hoehlen-bruecken-ausstattung-zubehoer-spiel-sportkleintierwelt-ausstattung-zubehoer-kleintierwelt","8":"first","9":"instock","10":"taxable","11":"shipping-taxable","12":"purchasable","13":"product-type-simple"},"_links":{"self":[{"href":"https:\/\/all-pets.de\/shop\/wp-json\/wp\/v2\/product\/48309","targetHints":{"allow":["GET"]}}],"collection":[{"href":"https:\/\/all-pets.de\/shop\/wp-json\/wp\/v2\/product"}],"about":[{"href":"https:\/\/all-pets.de\/shop\/wp-json\/wp\/v2\/types\/product"}],"replies":[{"embeddable":true,"href":"https:\/\/all-pets.de\/shop\/wp-json\/wp\/v2\/comments?post=48309"}],"wp:featuredmedia":[{"embeddable":true,"href":"https:\/\/all-pets.de\/shop\/wp-json\/wp\/v2\/media\/48310"}],"wp:attachment":[{"href":"https:\/\/all-pets.de\/shop\/wp-json\/wp\/v2\/media?parent=48309"}],"wp:term":[{"taxonomy":"product_cat","embeddable":true,"href":"https:\/\/all-pets.de\/shop\/wp-json\/wp\/v2\/product_cat?post=48309"},{"taxonomy":"product_tag","embeddable":true,"href":"https:\/\/all-pets.de\/shop\/wp-json\/wp\/v2\/product_tag?post=48309"}],"curies":[{"name":"wp","href":"https:\/\/api.w.org\/{rel}","templated":true}]}}