{"id":48314,"date":"2023-12-12T10:57:28","date_gmt":"2023-12-12T09:57:28","guid":{"rendered":"https:\/\/pet-shopping.de\/shop\/produkt\/dokas-snack-huehnermaegen-gefriergetrocknet-20g\/"},"modified":"2023-12-12T10:57:31","modified_gmt":"2023-12-12T09:57:31","slug":"dokas-snack-huehnermaegen-gefriergetrocknet-20g","status":"publish","type":"product","link":"https:\/\/all-pets.de\/shop\/produkt\/dokas-snack-huehnermaegen-gefriergetrocknet-20g\/","title":{"rendered":"Dokas Snack H\u00fchnerm\u00e4gen gefriergetrocknet 20g"},"content":{"rendered":"<p>Der pure Snack &#8211; Als Snack sind die gefriergetrockneten Innereien die ideale Erg\u00e4nzung im t\u00e4glichen Ern\u00e4hrungsplan und hei\u00df begehrt von jedem Vierbeiner. Durch die schonende Gefriertrocknung bleiben der Geschmack und die N\u00e4hrstoffe zu 100% erhalten. Nat\u00fcrlich! Lecker! Einzigartig!<\/p>\n<p><strong>Inhaltsstoffe:<\/strong> <\/p>\n<p>99,5% H\u00fchnerm\u00e4gen, 0,5% Mannan-Oligosaccharide<\/p>\n<p>Analysedaten: Rohprotein: 76,5%  Rohfett: 12,7% Rohasche: 8,7%  Rohfaser: 0,5%  Feuchtigkeit: 3,8%<\/p>\n<p><strong>F\u00fctterungsempfehlung:<\/strong> <\/p>\n<p>Als Belohnung zwischen den \u00fcblichen Mahlzeiten. Reduzierung der t\u00e4glichen Futtermenge nach Bedarf (Siehe Energieangabe). Stets ausreichend Trinkwasser bereitstellen. Nach Anbruch bitte k\u00fchl und trocken lagern. Frischebeutel verschlie\u00dfen und Inhalt bald verf\u00fcttern. Der im Beutel befindliche Absorber dient der Frische des Produktes und ist nicht zum Verzehr geeignet. Den Snack unter Aufsicht f\u00fcttern.<\/p>\n","protected":false},"excerpt":{"rendered":"<p>Der pure Snack &#8211; Als Snack sind die gefriergetrockneten Innereien die ideale Erg\u00e4nzung im t\u00e4glichen Ern\u00e4hrungsplan und hei\u00df begehrt von jedem Vierbeiner. Durch die schonende Gefriertrocknung bleiben der Geschmack und die N\u00e4hrstoffe zu 100% erhalten. Nat\u00fcrlich! Lecker! Einzigartig! Inhaltsstoffe: 99,5% H\u00fchnerm\u00e4gen, 0,5% Mannan-Oligosaccharide Analysedaten: Rohprotein: 76,5% Rohfett: 12,7% Rohasche: 8,7% Rohfaser: 0,5% Feuchtigkeit: 3,8% F\u00fctterungsempfehlung: [&hellip;]<\/p>\n","protected":false},"featured_media":932,"comment_status":"closed","ping_status":"open","template":"","meta":[],"product_cat":[13814],"product_tag":[],"class_list":{"0":"post-48314","1":"product","2":"type-product","3":"status-publish","4":"has-post-thumbnail","6":"product_cat-dokas","8":"first","9":"instock","10":"taxable","11":"shipping-taxable","12":"purchasable","13":"product-type-simple"},"_links":{"self":[{"href":"https:\/\/all-pets.de\/shop\/wp-json\/wp\/v2\/product\/48314","targetHints":{"allow":["GET"]}}],"collection":[{"href":"https:\/\/all-pets.de\/shop\/wp-json\/wp\/v2\/product"}],"about":[{"href":"https:\/\/all-pets.de\/shop\/wp-json\/wp\/v2\/types\/product"}],"replies":[{"embeddable":true,"href":"https:\/\/all-pets.de\/shop\/wp-json\/wp\/v2\/comments?post=48314"}],"wp:featuredmedia":[{"embeddable":true,"href":"https:\/\/all-pets.de\/shop\/wp-json\/wp\/v2\/media\/932"}],"wp:attachment":[{"href":"https:\/\/all-pets.de\/shop\/wp-json\/wp\/v2\/media?parent=48314"}],"wp:term":[{"taxonomy":"product_cat","embeddable":true,"href":"https:\/\/all-pets.de\/shop\/wp-json\/wp\/v2\/product_cat?post=48314"},{"taxonomy":"product_tag","embeddable":true,"href":"https:\/\/all-pets.de\/shop\/wp-json\/wp\/v2\/product_tag?post=48314"}],"curies":[{"name":"wp","href":"https:\/\/api.w.org\/{rel}","templated":true}]}}