{"id":48315,"date":"2023-12-12T10:57:28","date_gmt":"2023-12-12T09:57:28","guid":{"rendered":"https:\/\/pet-shopping.de\/shop\/produkt\/trixie-adventure-carpet\/"},"modified":"2023-12-12T10:57:31","modified_gmt":"2023-12-12T09:57:31","slug":"trixie-adventure-carpet","status":"publish","type":"product","link":"https:\/\/all-pets.de\/shop\/produkt\/trixie-adventure-carpet\/","title":{"rendered":"Trixie Adventure Carpet"},"content":{"rendered":"<ul>\n<li>nutzbar als R\u00fcckzugsort, Spielplatz mit Leckerlis oder Spielzeug<\/li>\n<li>Form individuell ver\u00e4nderbar durch Klettverschl\u00fcsse <\/li>\n<li>inkl. Anleitung<\/li>\n<li>rutschfester Gummiboden (TPR)<\/li>\n<li>Polyester<\/li>\n<li>tierschutzkonform nach \u00a7 18 (AT)<\/li>\n<li>Ma\u00dfe: ca. 99 x 99 cm<\/li>\n<\/ul>\n","protected":false},"excerpt":{"rendered":"<p>nutzbar als R\u00fcckzugsort, Spielplatz mit Leckerlis oder Spielzeug Form individuell ver\u00e4nderbar durch Klettverschl\u00fcsse inkl. Anleitung rutschfester Gummiboden (TPR) Polyester tierschutzkonform nach \u00a7 18 (AT) Ma\u00dfe: ca. 99 x 99 cm<\/p>\n","protected":false},"featured_media":15629,"comment_status":"closed","ping_status":"open","template":"","meta":[],"product_cat":[13782],"product_tag":[],"class_list":{"0":"post-48315","1":"product","2":"type-product","3":"status-publish","4":"has-post-thumbnail","6":"product_cat-intelligenz-spielzeug","8":"first","9":"instock","10":"taxable","11":"shipping-taxable","12":"purchasable","13":"product-type-simple"},"_links":{"self":[{"href":"https:\/\/all-pets.de\/shop\/wp-json\/wp\/v2\/product\/48315","targetHints":{"allow":["GET"]}}],"collection":[{"href":"https:\/\/all-pets.de\/shop\/wp-json\/wp\/v2\/product"}],"about":[{"href":"https:\/\/all-pets.de\/shop\/wp-json\/wp\/v2\/types\/product"}],"replies":[{"embeddable":true,"href":"https:\/\/all-pets.de\/shop\/wp-json\/wp\/v2\/comments?post=48315"}],"wp:featuredmedia":[{"embeddable":true,"href":"https:\/\/all-pets.de\/shop\/wp-json\/wp\/v2\/media\/15629"}],"wp:attachment":[{"href":"https:\/\/all-pets.de\/shop\/wp-json\/wp\/v2\/media?parent=48315"}],"wp:term":[{"taxonomy":"product_cat","embeddable":true,"href":"https:\/\/all-pets.de\/shop\/wp-json\/wp\/v2\/product_cat?post=48315"},{"taxonomy":"product_tag","embeddable":true,"href":"https:\/\/all-pets.de\/shop\/wp-json\/wp\/v2\/product_tag?post=48315"}],"curies":[{"name":"wp","href":"https:\/\/api.w.org\/{rel}","templated":true}]}}