{"id":48322,"date":"2023-12-12T10:57:32","date_gmt":"2023-12-12T09:57:32","guid":{"rendered":"https:\/\/pet-shopping.de\/shop\/produkt\/trixie-meisenknoedelhalter-blume\/"},"modified":"2023-12-12T10:57:33","modified_gmt":"2023-12-12T09:57:33","slug":"trixie-meisenknoedelhalter-blume","status":"publish","type":"product","link":"https:\/\/all-pets.de\/shop\/produkt\/trixie-meisenknoedelhalter-blume\/","title":{"rendered":"Trixie Meisenkn\u00f6delhalter Blume"},"content":{"rendered":"<ul>\n<li>diverse Farben (Eine Farbwahl ist leider nicht m\u00f6glich, da die Farbe je nach Lagerbestand gew\u00e4hlt wird.)<\/li>\n<li>Metall, pulverbeschichtet<\/li>\n<li>wetterfest<\/li>\n<li>Ma\u00dfe: ca. 14 x 42 cm<\/li>\n<\/ul>\n","protected":false},"excerpt":{"rendered":"<p>diverse Farben (Eine Farbwahl ist leider nicht m\u00f6glich, da die Farbe je nach Lagerbestand gew\u00e4hlt wird.) Metall, pulverbeschichtet wetterfest Ma\u00dfe: ca. 14 x 42 cm<\/p>\n","protected":false},"featured_media":48323,"comment_status":"closed","ping_status":"open","template":"","meta":[],"product_cat":[13813],"product_tag":[],"class_list":{"0":"post-48322","1":"product","2":"type-product","3":"status-publish","4":"has-post-thumbnail","6":"product_cat-futterhaeuser-nistkaesten","8":"first","9":"instock","10":"taxable","11":"shipping-taxable","12":"purchasable","13":"product-type-simple"},"_links":{"self":[{"href":"https:\/\/all-pets.de\/shop\/wp-json\/wp\/v2\/product\/48322","targetHints":{"allow":["GET"]}}],"collection":[{"href":"https:\/\/all-pets.de\/shop\/wp-json\/wp\/v2\/product"}],"about":[{"href":"https:\/\/all-pets.de\/shop\/wp-json\/wp\/v2\/types\/product"}],"replies":[{"embeddable":true,"href":"https:\/\/all-pets.de\/shop\/wp-json\/wp\/v2\/comments?post=48322"}],"wp:featuredmedia":[{"embeddable":true,"href":"https:\/\/all-pets.de\/shop\/wp-json\/wp\/v2\/media\/48323"}],"wp:attachment":[{"href":"https:\/\/all-pets.de\/shop\/wp-json\/wp\/v2\/media?parent=48322"}],"wp:term":[{"taxonomy":"product_cat","embeddable":true,"href":"https:\/\/all-pets.de\/shop\/wp-json\/wp\/v2\/product_cat?post=48322"},{"taxonomy":"product_tag","embeddable":true,"href":"https:\/\/all-pets.de\/shop\/wp-json\/wp\/v2\/product_tag?post=48322"}],"curies":[{"name":"wp","href":"https:\/\/api.w.org\/{rel}","templated":true}]}}