{"id":48330,"date":"2023-12-12T10:57:32","date_gmt":"2023-12-12T09:57:32","guid":{"rendered":"https:\/\/pet-shopping.de\/shop\/produkt\/pet-star-leinoel-500ml\/"},"modified":"2023-12-12T10:57:35","modified_gmt":"2023-12-12T09:57:35","slug":"pet-star-leinoel-500ml","status":"publish","type":"product","link":"https:\/\/all-pets.de\/shop\/produkt\/pet-star-leinoel-500ml\/","title":{"rendered":"Pet-Star Lein\u00f6l 500ml"},"content":{"rendered":"<p><strong>Pet-Star Lein\u00f6l<\/strong><br \/>Einzelfuttermittel f\u00fcr Hunde.<\/p>\n<ul>\n<li>Leinsamen\u00f6l ist kaltgepresst, so dass alle wichtige N\u00e4hrstoffe erhalten bleiben.<\/li>\n<\/ul>\n<p>Feed material for dogs.<\/p>\n<ul>\n<li>Linseed oil is cold-pressed, thus preserving all the essential nutrients.<\/li>\n<\/ul>\n<p>F\u00fctterungsempfehlung \/ Feed instruction:<br \/>Hund \/ Dog:<br \/>< 10 kg : 5 ml pro Tag \/ per day.<br \/>10 \u2013 25 kg : 10 ml pro Tag \/ per day.<br \/>> 25 kg : 15 ml pro Tag \/ per day.<\/p>\n<p>Analytische Bestandteile \/ Analytical constituents:<br \/>Rohfett \/ Crude fat 99,0 %<br \/>Rohprotein \/ Crude protein 0,1 %<br \/>Rohfaser \/ Crude fibre 0,1 %<br \/>Rohasche \/ Crude ash 0,1 %<\/p>\n<p>Lagerung \/ Storage:<br \/>K\u00fchl und trocken lagern. Vor direkter Sonneneinstrahlung sch\u00fctzen. Verpackung schlie\u00dfen nach jedem Gebrauch.<br \/>Store in a cool, dry place. Keep out of direct sunlight. Close packaging after each use.<\/p>\n","protected":false},"excerpt":{"rendered":"<p>Pet-Star Lein\u00f6lEinzelfuttermittel f\u00fcr Hunde. Leinsamen\u00f6l ist kaltgepresst, so dass alle wichtige N\u00e4hrstoffe erhalten bleiben. Feed material for dogs. Linseed oil is cold-pressed, thus preserving all the essential nutrients. F\u00fctterungsempfehlung \/ Feed instruction:Hund \/ Dog:< 10 kg : 5 ml pro Tag \/ per day.10 \u2013 25 kg : 10 ml pro Tag \/ per day.> [&hellip;]<\/p>\n","protected":false},"featured_media":15652,"comment_status":"closed","ping_status":"open","template":"","meta":[],"product_cat":[15061],"product_tag":[],"class_list":{"0":"post-48330","1":"product","2":"type-product","3":"status-publish","4":"has-post-thumbnail","6":"product_cat-pet-star-futterergaenzung-futterergaenzunghundewelt","8":"first","9":"instock","10":"taxable","11":"shipping-taxable","12":"purchasable","13":"product-type-simple"},"_links":{"self":[{"href":"https:\/\/all-pets.de\/shop\/wp-json\/wp\/v2\/product\/48330","targetHints":{"allow":["GET"]}}],"collection":[{"href":"https:\/\/all-pets.de\/shop\/wp-json\/wp\/v2\/product"}],"about":[{"href":"https:\/\/all-pets.de\/shop\/wp-json\/wp\/v2\/types\/product"}],"replies":[{"embeddable":true,"href":"https:\/\/all-pets.de\/shop\/wp-json\/wp\/v2\/comments?post=48330"}],"wp:featuredmedia":[{"embeddable":true,"href":"https:\/\/all-pets.de\/shop\/wp-json\/wp\/v2\/media\/15652"}],"wp:attachment":[{"href":"https:\/\/all-pets.de\/shop\/wp-json\/wp\/v2\/media?parent=48330"}],"wp:term":[{"taxonomy":"product_cat","embeddable":true,"href":"https:\/\/all-pets.de\/shop\/wp-json\/wp\/v2\/product_cat?post=48330"},{"taxonomy":"product_tag","embeddable":true,"href":"https:\/\/all-pets.de\/shop\/wp-json\/wp\/v2\/product_tag?post=48330"}],"curies":[{"name":"wp","href":"https:\/\/api.w.org\/{rel}","templated":true}]}}