{"id":48332,"date":"2023-12-12T10:57:32","date_gmt":"2023-12-12T09:57:32","guid":{"rendered":"https:\/\/pet-shopping.de\/shop\/produkt\/trixie-dog-activity-poker-box-vario-2\/"},"modified":"2023-12-12T10:57:35","modified_gmt":"2023-12-12T09:57:35","slug":"trixie-dog-activity-poker-box-vario-2","status":"publish","type":"product","link":"https:\/\/all-pets.de\/shop\/produkt\/trixie-dog-activity-poker-box-vario-2\/","title":{"rendered":"Trixie Dog Activity Poker Box Vario 2"},"content":{"rendered":"<ul>\n<li>Intelligenzspielzeug Level 2<\/li>\n<li>durch verschiedene Techniken gelangt der Hund an seine Belohnung<\/li>\n<li>Grundplatte mit 2 Elementen, variabel zu platzieren<\/li>\n<li>mit weiteren Poker Box Spielen kombinierbar<\/li>\n<li>rutschfest durch Gummif\u00fc\u00dfe<\/li>\n<li>Kunststoff<\/li>\n<li>inkl. Trainingsanleitung<\/li>\n<li>tierschutzkonform nach \u00a7 18 (AT)<\/li>\n<li>sp\u00fclmaschinenfest<\/li>\n<li>Gr\u00f6\u00dfe: ca. Ma\u00dfe: ca. 32 x 17 cm<\/li>\n<\/ul>\n","protected":false},"excerpt":{"rendered":"<p>Intelligenzspielzeug Level 2 durch verschiedene Techniken gelangt der Hund an seine Belohnung Grundplatte mit 2 Elementen, variabel zu platzieren mit weiteren Poker Box Spielen kombinierbar rutschfest durch Gummif\u00fc\u00dfe Kunststoff inkl. Trainingsanleitung tierschutzkonform nach \u00a7 18 (AT) sp\u00fclmaschinenfest Gr\u00f6\u00dfe: ca. Ma\u00dfe: ca. 32 x 17 cm<\/p>\n","protected":false},"featured_media":33590,"comment_status":"closed","ping_status":"open","template":"","meta":[],"product_cat":[13793],"product_tag":[],"class_list":{"0":"post-48332","1":"product","2":"type-product","3":"status-publish","4":"has-post-thumbnail","6":"product_cat-intelligenz","8":"first","9":"instock","10":"taxable","11":"shipping-taxable","12":"purchasable","13":"product-type-simple"},"_links":{"self":[{"href":"https:\/\/all-pets.de\/shop\/wp-json\/wp\/v2\/product\/48332","targetHints":{"allow":["GET"]}}],"collection":[{"href":"https:\/\/all-pets.de\/shop\/wp-json\/wp\/v2\/product"}],"about":[{"href":"https:\/\/all-pets.de\/shop\/wp-json\/wp\/v2\/types\/product"}],"replies":[{"embeddable":true,"href":"https:\/\/all-pets.de\/shop\/wp-json\/wp\/v2\/comments?post=48332"}],"wp:featuredmedia":[{"embeddable":true,"href":"https:\/\/all-pets.de\/shop\/wp-json\/wp\/v2\/media\/33590"}],"wp:attachment":[{"href":"https:\/\/all-pets.de\/shop\/wp-json\/wp\/v2\/media?parent=48332"}],"wp:term":[{"taxonomy":"product_cat","embeddable":true,"href":"https:\/\/all-pets.de\/shop\/wp-json\/wp\/v2\/product_cat?post=48332"},{"taxonomy":"product_tag","embeddable":true,"href":"https:\/\/all-pets.de\/shop\/wp-json\/wp\/v2\/product_tag?post=48332"}],"curies":[{"name":"wp","href":"https:\/\/api.w.org\/{rel}","templated":true}]}}