{"id":48333,"date":"2023-12-12T10:57:32","date_gmt":"2023-12-12T09:57:32","guid":{"rendered":"https:\/\/pet-shopping.de\/shop\/produkt\/trixie-liegemulde-harvey-fuer-heizkoerper\/"},"modified":"2023-12-12T10:57:35","modified_gmt":"2023-12-12T09:57:35","slug":"trixie-liegemulde-harvey-fuer-heizkoerper","status":"publish","type":"product","link":"https:\/\/all-pets.de\/shop\/produkt\/trixie-liegemulde-harvey-fuer-heizkoerper\/","title":{"rendered":"Trixie Liegemulde Harvey f\u00fcr Heizk\u00f6rper"},"content":{"rendered":"<div class=\"mb-3 row\">\n<div class=\"col\">\n<ul>\n<li>\n<ul>\n<ul>\n<li>Langhaar-Pl\u00fcsch-\/Velours-Bezug (Polyester) abnehmbar<\/li>\n<li>stabiler Metallrahmen<\/li>\n<li>mit verstellbarer Halterung (9\u201312 cm)<\/li>\n<li>f\u00fcr alle g\u00e4ngigen Heizk\u00f6rper<\/li>\n<li>per Handw\u00e4sche zu reinigen<\/li>\n<li>Ma\u00dfe: ca. 45 \u00d7 26 \u00d7 31 cm<\/li>\n<li>Farbe: wei\u00df-schwarz<\/li>\n<\/ul>\n<\/ul>\n<\/li>\n<\/ul>\n<\/div>\n<\/div>\n","protected":false},"excerpt":{"rendered":"<p>Langhaar-Pl\u00fcsch-\/Velours-Bezug (Polyester) abnehmbar stabiler Metallrahmen mit verstellbarer Halterung (9\u201312 cm) f\u00fcr alle g\u00e4ngigen Heizk\u00f6rper per Handw\u00e4sche zu reinigen Ma\u00dfe: ca. 45 \u00d7 26 \u00d7 31 cm Farbe: wei\u00df-schwarz<\/p>\n","protected":false},"featured_media":48334,"comment_status":"closed","ping_status":"open","template":"","meta":[],"product_cat":[14257],"product_tag":[],"class_list":{"0":"post-48333","1":"product","2":"type-product","3":"status-publish","4":"has-post-thumbnail","6":"product_cat-heizungsliegen","8":"first","9":"instock","10":"taxable","11":"shipping-taxable","12":"purchasable","13":"product-type-simple"},"_links":{"self":[{"href":"https:\/\/all-pets.de\/shop\/wp-json\/wp\/v2\/product\/48333","targetHints":{"allow":["GET"]}}],"collection":[{"href":"https:\/\/all-pets.de\/shop\/wp-json\/wp\/v2\/product"}],"about":[{"href":"https:\/\/all-pets.de\/shop\/wp-json\/wp\/v2\/types\/product"}],"replies":[{"embeddable":true,"href":"https:\/\/all-pets.de\/shop\/wp-json\/wp\/v2\/comments?post=48333"}],"wp:featuredmedia":[{"embeddable":true,"href":"https:\/\/all-pets.de\/shop\/wp-json\/wp\/v2\/media\/48334"}],"wp:attachment":[{"href":"https:\/\/all-pets.de\/shop\/wp-json\/wp\/v2\/media?parent=48333"}],"wp:term":[{"taxonomy":"product_cat","embeddable":true,"href":"https:\/\/all-pets.de\/shop\/wp-json\/wp\/v2\/product_cat?post=48333"},{"taxonomy":"product_tag","embeddable":true,"href":"https:\/\/all-pets.de\/shop\/wp-json\/wp\/v2\/product_tag?post=48333"}],"curies":[{"name":"wp","href":"https:\/\/api.w.org\/{rel}","templated":true}]}}