{"id":48353,"date":"2023-12-12T10:57:38","date_gmt":"2023-12-12T09:57:38","guid":{"rendered":"https:\/\/pet-shopping.de\/shop\/produkt\/trixie-kratzbaum-xxl-fidele-deckenhoch\/"},"modified":"2023-12-12T10:57:39","modified_gmt":"2023-12-12T09:57:39","slug":"trixie-kratzbaum-xxl-fidele-deckenhoch","status":"publish","type":"product","link":"https:\/\/all-pets.de\/shop\/produkt\/trixie-kratzbaum-xxl-fidele-deckenhoch\/","title":{"rendered":"Trixie Kratzbaum XXL Fidele, deckenhoch"},"content":{"rendered":"<p><span>Besonders f\u00fcr gro\u00dfe Katzen geeignet <\/span><\/p>\n<ul>\n<li>mit Deckenspanner<\/li>\n<li>Sisaldurchmesser: 6 mm\/M\u00f6belstoff (Polyester) <\/li>\n<li>H\u00f6hle mit Fleece (Polyester) und Wendekissen (Handw\u00e4sche) ausgestattet<\/li>\n<li>gepolsterte Liegeplatte<\/li>\n<li>abnehmbare H\u00e4ngematte, gepolstert: Handw\u00e4sche<\/li>\n<li>schwere, gepolsterte Bodenplatte<\/li>\n<li>Farbe: grau<\/li>\n<li>H\u00f6he: verstellbar von 220 bis 250 cm<\/li>\n<li>Grundfl\u00e4che: 58 x 58 cm<\/li>\n<li>Stammdurchmesser: ca. 18 cm<\/li>\n<\/ul>\n","protected":false},"excerpt":{"rendered":"<p>Besonders f\u00fcr gro\u00dfe Katzen geeignet mit Deckenspanner Sisaldurchmesser: 6 mm\/M\u00f6belstoff (Polyester) H\u00f6hle mit Fleece (Polyester) und Wendekissen (Handw\u00e4sche) ausgestattet gepolsterte Liegeplatte abnehmbare H\u00e4ngematte, gepolstert: Handw\u00e4sche schwere, gepolsterte Bodenplatte Farbe: grau H\u00f6he: verstellbar von 220 bis 250 cm Grundfl\u00e4che: 58 x 58 cm Stammdurchmesser: ca. 18 cm<\/p>\n","protected":false},"featured_media":31750,"comment_status":"closed","ping_status":"open","template":"","meta":[],"product_cat":[15062],"product_tag":[],"class_list":{"0":"post-48353","1":"product","2":"type-product","3":"status-publish","4":"has-post-thumbnail","6":"product_cat-deckenhohe","8":"first","9":"instock","10":"taxable","11":"shipping-taxable","12":"purchasable","13":"product-type-simple"},"_links":{"self":[{"href":"https:\/\/all-pets.de\/shop\/wp-json\/wp\/v2\/product\/48353","targetHints":{"allow":["GET"]}}],"collection":[{"href":"https:\/\/all-pets.de\/shop\/wp-json\/wp\/v2\/product"}],"about":[{"href":"https:\/\/all-pets.de\/shop\/wp-json\/wp\/v2\/types\/product"}],"replies":[{"embeddable":true,"href":"https:\/\/all-pets.de\/shop\/wp-json\/wp\/v2\/comments?post=48353"}],"wp:featuredmedia":[{"embeddable":true,"href":"https:\/\/all-pets.de\/shop\/wp-json\/wp\/v2\/media\/31750"}],"wp:attachment":[{"href":"https:\/\/all-pets.de\/shop\/wp-json\/wp\/v2\/media?parent=48353"}],"wp:term":[{"taxonomy":"product_cat","embeddable":true,"href":"https:\/\/all-pets.de\/shop\/wp-json\/wp\/v2\/product_cat?post=48353"},{"taxonomy":"product_tag","embeddable":true,"href":"https:\/\/all-pets.de\/shop\/wp-json\/wp\/v2\/product_tag?post=48353"}],"curies":[{"name":"wp","href":"https:\/\/api.w.org\/{rel}","templated":true}]}}