{"id":48360,"date":"2023-12-12T10:57:38","date_gmt":"2023-12-12T09:57:38","guid":{"rendered":"https:\/\/pet-shopping.de\/shop\/produkt\/trixie-kratzbaum-lauretta\/"},"modified":"2023-12-12T10:57:55","modified_gmt":"2023-12-12T09:57:55","slug":"trixie-kratzbaum-lauretta","status":"publish","type":"product","link":"https:\/\/all-pets.de\/shop\/produkt\/trixie-kratzbaum-lauretta\/","title":{"rendered":"Trixie Kratzbaum Lauretta"},"content":{"rendered":"<ul>\n<li>Sisaldurchmesser: 6 mm \/ Pl\u00fcsch (Polyester): 600 g\/m\u00b2<\/li>\n<li>H\u00f6hlen mit Pl\u00fcsch\/Fleece (Polyester) ausgestattet<\/li>\n<li>mit 2 Wendekissen: Handw\u00e4sche<\/li>\n<li>H\u00f6he: ca. 120 cm<\/li>\n<li>Grundfl\u00e4che: ca. 58 x 58 cm<\/li>\n<li>Stammdurchmesser: ca. 11 und 15 cm<\/li>\n<li>Farbe: creme<\/li>\n<\/ul>\n","protected":false},"excerpt":{"rendered":"<p>Sisaldurchmesser: 6 mm \/ Pl\u00fcsch (Polyester): 600 g\/m\u00b2 H\u00f6hlen mit Pl\u00fcsch\/Fleece (Polyester) ausgestattet mit 2 Wendekissen: Handw\u00e4sche H\u00f6he: ca. 120 cm Grundfl\u00e4che: ca. 58 x 58 cm Stammdurchmesser: ca. 11 und 15 cm Farbe: creme<\/p>\n","protected":false},"featured_media":1756,"comment_status":"closed","ping_status":"open","template":"","meta":[],"product_cat":[14520],"product_tag":[],"class_list":{"0":"post-48360","1":"product","2":"type-product","3":"status-publish","4":"has-post-thumbnail","6":"product_cat-bis-175-cm","8":"first","9":"instock","10":"taxable","11":"shipping-taxable","12":"purchasable","13":"product-type-simple"},"_links":{"self":[{"href":"https:\/\/all-pets.de\/shop\/wp-json\/wp\/v2\/product\/48360","targetHints":{"allow":["GET"]}}],"collection":[{"href":"https:\/\/all-pets.de\/shop\/wp-json\/wp\/v2\/product"}],"about":[{"href":"https:\/\/all-pets.de\/shop\/wp-json\/wp\/v2\/types\/product"}],"replies":[{"embeddable":true,"href":"https:\/\/all-pets.de\/shop\/wp-json\/wp\/v2\/comments?post=48360"}],"wp:featuredmedia":[{"embeddable":true,"href":"https:\/\/all-pets.de\/shop\/wp-json\/wp\/v2\/media\/1756"}],"wp:attachment":[{"href":"https:\/\/all-pets.de\/shop\/wp-json\/wp\/v2\/media?parent=48360"}],"wp:term":[{"taxonomy":"product_cat","embeddable":true,"href":"https:\/\/all-pets.de\/shop\/wp-json\/wp\/v2\/product_cat?post=48360"},{"taxonomy":"product_tag","embeddable":true,"href":"https:\/\/all-pets.de\/shop\/wp-json\/wp\/v2\/product_tag?post=48360"}],"curies":[{"name":"wp","href":"https:\/\/api.w.org\/{rel}","templated":true}]}}