{"id":48361,"date":"2023-12-12T10:57:38","date_gmt":"2023-12-12T09:57:38","guid":{"rendered":"https:\/\/pet-shopping.de\/shop\/produkt\/trixie-insektenhotel-29-x-49-x-16-cm\/"},"modified":"2023-12-12T10:57:56","modified_gmt":"2023-12-12T09:57:56","slug":"trixie-insektenhotel-29-x-49-x-16-cm","status":"publish","type":"product","link":"https:\/\/all-pets.de\/shop\/produkt\/trixie-insektenhotel-29-x-49-x-16-cm\/","title":{"rendered":"Trixie Insektenhotel &#8211; 29 \u00d7 49 \u00d7 16 cm"},"content":{"rendered":"<ul>\n<li>Nist- und \u00dcberwinterungshilfe f\u00fcr N\u00fctzlinge<\/li>\n<li>Kiefernholz, unbehandelt\/Metall, verzinkt<\/li>\n<li>Ma\u00dfe: ca. 29 \u00d7 49 \u00d7 16 cm<\/li>\n<\/ul>\n","protected":false},"excerpt":{"rendered":"<p>Nist- und \u00dcberwinterungshilfe f\u00fcr N\u00fctzlinge Kiefernholz, unbehandelt\/Metall, verzinkt Ma\u00dfe: ca. 29 \u00d7 49 \u00d7 16 cm<\/p>\n","protected":false},"featured_media":16272,"comment_status":"closed","ping_status":"open","template":"","meta":[],"product_cat":[14036],"product_tag":[],"class_list":{"0":"post-48361","1":"product","2":"type-product","3":"status-publish","4":"has-post-thumbnail","6":"product_cat-insektenhotels","8":"first","9":"instock","10":"taxable","11":"shipping-taxable","12":"purchasable","13":"product-type-simple"},"_links":{"self":[{"href":"https:\/\/all-pets.de\/shop\/wp-json\/wp\/v2\/product\/48361","targetHints":{"allow":["GET"]}}],"collection":[{"href":"https:\/\/all-pets.de\/shop\/wp-json\/wp\/v2\/product"}],"about":[{"href":"https:\/\/all-pets.de\/shop\/wp-json\/wp\/v2\/types\/product"}],"replies":[{"embeddable":true,"href":"https:\/\/all-pets.de\/shop\/wp-json\/wp\/v2\/comments?post=48361"}],"wp:featuredmedia":[{"embeddable":true,"href":"https:\/\/all-pets.de\/shop\/wp-json\/wp\/v2\/media\/16272"}],"wp:attachment":[{"href":"https:\/\/all-pets.de\/shop\/wp-json\/wp\/v2\/media?parent=48361"}],"wp:term":[{"taxonomy":"product_cat","embeddable":true,"href":"https:\/\/all-pets.de\/shop\/wp-json\/wp\/v2\/product_cat?post=48361"},{"taxonomy":"product_tag","embeddable":true,"href":"https:\/\/all-pets.de\/shop\/wp-json\/wp\/v2\/product_tag?post=48361"}],"curies":[{"name":"wp","href":"https:\/\/api.w.org\/{rel}","templated":true}]}}