{"id":48363,"date":"2023-12-12T10:57:38","date_gmt":"2023-12-12T09:57:38","guid":{"rendered":"https:\/\/pet-shopping.de\/shop\/produkt\/dokas-snack-minis-huehnerbrust-70g\/"},"modified":"2023-12-12T10:57:56","modified_gmt":"2023-12-12T09:57:56","slug":"dokas-snack-minis-huehnerbrust-70g","status":"publish","type":"product","link":"https:\/\/all-pets.de\/shop\/produkt\/dokas-snack-minis-huehnerbrust-70g\/","title":{"rendered":"Dokas Snack Minis H\u00fchnerbrust 70g"},"content":{"rendered":"<p>Minis &#8211; Die fettarmen Minis aus 100 % H\u00fchnchenbrustfilet (imFleischanteil) sind die perfekte Motivation f\u00fcr jede Trainingsstunde.Die kleinen St\u00fccke eignen sich bevorzugt zum Einsatz beim Training,sindaber auch der optimale Begleiter f\u00fcr unterwegs, da sie durch ihreschmale Verpackung gut verstaut und jederzeit griffbereit sind. Zudemkann das enthaltene L-Carnitin aktiv die Fettverbrennung unterst\u00fctzen.<\/p>\n<p><strong>Inhaltsstoffe:<\/strong><\/p>\n<p>91 % H\u00fchnerbrustfilet, pflanzliche Nebenerzeugnisse, Fructo-Oligosaccharide, Mineralstoffe<br \/>Zusatzstoffe: Ern\u00e4hrungsphysiologische Zusatzstoffe je kg: 300 mg L-Carnitin<\/p>\n<p>Analysedaten: Rohprotein: 45,0%  Rohfett: 4,0%  Rohasche: 3,5%  Rohfaser: 0,5%  Feuchtigkeit: 17.7%<\/p>\n<p><strong>F\u00fctterungsempfehlung:<\/strong><\/p>\n<p>Als Belohnung zwischen den \u00fcblichen Mahlzeiten. Reduzierung der t\u00e4glichen Futtermenge nach Bedarf<br \/>(Siehe Energieangabe). Stets ausreichend Trinkwasser bereitstellen. NachAnbruch bitte k\u00fchl und trocken lagern. Frischebeutel verschlie\u00dfen undInhalt bald verf\u00fcttern. Der im Beutel befindliche Absorber dient derFrische des Produktes und ist nicht zum Verzehr geeignet. Den Snackunter Aufsicht f\u00fcttern.<\/p>\n","protected":false},"excerpt":{"rendered":"<p>Minis &#8211; Die fettarmen Minis aus 100 % H\u00fchnchenbrustfilet (imFleischanteil) sind die perfekte Motivation f\u00fcr jede Trainingsstunde.Die kleinen St\u00fccke eignen sich bevorzugt zum Einsatz beim Training,sindaber auch der optimale Begleiter f\u00fcr unterwegs, da sie durch ihreschmale Verpackung gut verstaut und jederzeit griffbereit sind. Zudemkann das enthaltene L-Carnitin aktiv die Fettverbrennung unterst\u00fctzen. Inhaltsstoffe: 91 % H\u00fchnerbrustfilet, [&hellip;]<\/p>\n","protected":false},"featured_media":21365,"comment_status":"closed","ping_status":"open","template":"","meta":[],"product_cat":[13814],"product_tag":[],"class_list":{"0":"post-48363","1":"product","2":"type-product","3":"status-publish","4":"has-post-thumbnail","6":"product_cat-dokas","8":"first","9":"instock","10":"taxable","11":"shipping-taxable","12":"purchasable","13":"product-type-simple"},"_links":{"self":[{"href":"https:\/\/all-pets.de\/shop\/wp-json\/wp\/v2\/product\/48363","targetHints":{"allow":["GET"]}}],"collection":[{"href":"https:\/\/all-pets.de\/shop\/wp-json\/wp\/v2\/product"}],"about":[{"href":"https:\/\/all-pets.de\/shop\/wp-json\/wp\/v2\/types\/product"}],"replies":[{"embeddable":true,"href":"https:\/\/all-pets.de\/shop\/wp-json\/wp\/v2\/comments?post=48363"}],"wp:featuredmedia":[{"embeddable":true,"href":"https:\/\/all-pets.de\/shop\/wp-json\/wp\/v2\/media\/21365"}],"wp:attachment":[{"href":"https:\/\/all-pets.de\/shop\/wp-json\/wp\/v2\/media?parent=48363"}],"wp:term":[{"taxonomy":"product_cat","embeddable":true,"href":"https:\/\/all-pets.de\/shop\/wp-json\/wp\/v2\/product_cat?post=48363"},{"taxonomy":"product_tag","embeddable":true,"href":"https:\/\/all-pets.de\/shop\/wp-json\/wp\/v2\/product_tag?post=48363"}],"curies":[{"name":"wp","href":"https:\/\/api.w.org\/{rel}","templated":true}]}}