{"id":48364,"date":"2023-12-12T10:57:38","date_gmt":"2023-12-12T09:57:38","guid":{"rendered":"https:\/\/pet-shopping.de\/shop\/produkt\/trixie-kratzbaum-xxl-cara\/"},"modified":"2023-12-12T10:57:56","modified_gmt":"2023-12-12T09:57:56","slug":"trixie-kratzbaum-xxl-cara","status":"publish","type":"product","link":"https:\/\/all-pets.de\/shop\/produkt\/trixie-kratzbaum-xxl-cara\/","title":{"rendered":"Trixie Kratzbaum XXL Cara"},"content":{"rendered":"<ul>\n<li>Sisal: Durchmesser 8 mm\/Pl\u00fcsch (Polyester): 400 g\/m\u00b2\/M\u00f6belstoff (Polyester)<\/li>\n<li>Kuschelbett mit gepolstertem Rand<\/li>\n<li>H\u00f6hle mit Pl\u00fcsch\/Fleece (Polyester) und Wendekissen (Handw\u00e4sche) ausgestattet<\/li>\n<li>gepolsterte Liegeplatten<\/li>\n<li>Farbe: wei\u00df\/grau<\/li>\n<li>H\u00f6he: ca. 128 cm<\/li>\n<li>Grundfl\u00e4che: ca. 78 x 48 cm<\/li>\n<li>Stammdurchmessetr: ca. 12 \/ 15 cm<\/li>\n<\/ul>\n","protected":false},"excerpt":{"rendered":"<p>Sisal: Durchmesser 8 mm\/Pl\u00fcsch (Polyester): 400 g\/m\u00b2\/M\u00f6belstoff (Polyester) Kuschelbett mit gepolstertem Rand H\u00f6hle mit Pl\u00fcsch\/Fleece (Polyester) und Wendekissen (Handw\u00e4sche) ausgestattet gepolsterte Liegeplatten Farbe: wei\u00df\/grau H\u00f6he: ca. 128 cm Grundfl\u00e4che: ca. 78 x 48 cm Stammdurchmessetr: ca. 12 \/ 15 cm<\/p>\n","protected":false},"featured_media":2419,"comment_status":"closed","ping_status":"open","template":"","meta":[],"product_cat":[14964],"product_tag":[],"class_list":{"0":"post-48364","1":"product","2":"type-product","3":"status-publish","4":"has-post-thumbnail","6":"product_cat-kratzbaum-fuer-grosse-katzen","8":"first","9":"instock","10":"taxable","11":"shipping-taxable","12":"purchasable","13":"product-type-simple"},"_links":{"self":[{"href":"https:\/\/all-pets.de\/shop\/wp-json\/wp\/v2\/product\/48364","targetHints":{"allow":["GET"]}}],"collection":[{"href":"https:\/\/all-pets.de\/shop\/wp-json\/wp\/v2\/product"}],"about":[{"href":"https:\/\/all-pets.de\/shop\/wp-json\/wp\/v2\/types\/product"}],"replies":[{"embeddable":true,"href":"https:\/\/all-pets.de\/shop\/wp-json\/wp\/v2\/comments?post=48364"}],"wp:featuredmedia":[{"embeddable":true,"href":"https:\/\/all-pets.de\/shop\/wp-json\/wp\/v2\/media\/2419"}],"wp:attachment":[{"href":"https:\/\/all-pets.de\/shop\/wp-json\/wp\/v2\/media?parent=48364"}],"wp:term":[{"taxonomy":"product_cat","embeddable":true,"href":"https:\/\/all-pets.de\/shop\/wp-json\/wp\/v2\/product_cat?post=48364"},{"taxonomy":"product_tag","embeddable":true,"href":"https:\/\/all-pets.de\/shop\/wp-json\/wp\/v2\/product_tag?post=48364"}],"curies":[{"name":"wp","href":"https:\/\/api.w.org\/{rel}","templated":true}]}}