{"id":48368,"date":"2023-12-12T10:57:38","date_gmt":"2023-12-12T09:57:38","guid":{"rendered":"https:\/\/pet-shopping.de\/shop\/produkt\/trixie-kratzbaum-galeno\/"},"modified":"2023-12-12T10:57:57","modified_gmt":"2023-12-12T09:57:57","slug":"trixie-kratzbaum-galeno","status":"publish","type":"product","link":"https:\/\/all-pets.de\/shop\/produkt\/trixie-kratzbaum-galeno\/","title":{"rendered":"Trixie Kratzbaum Galeno"},"content":{"rendered":"<ul>\n<li>Sisal: Durchmesser 6 mm\/Pl\u00fcsch (Polyester): 280 g\/m\u00b2<\/li>\n<li>H\u00f6hle mit Pl\u00fcsch (Polyester) ausgestattet<\/li>\n<li>gepolsterte Liegeplatten<\/li>\n<li>Farbe: grau<\/li>\n<li>H\u00f6he: ca. 109 cm<\/li>\n<li>Grundfl\u00e4che: ca. 37 x 37 cm<\/li>\n<li>Stammdurchmesser: ca. 9 cm<\/li>\n<\/ul>\n","protected":false},"excerpt":{"rendered":"<p>Sisal: Durchmesser 6 mm\/Pl\u00fcsch (Polyester): 280 g\/m\u00b2 H\u00f6hle mit Pl\u00fcsch (Polyester) ausgestattet gepolsterte Liegeplatten Farbe: grau H\u00f6he: ca. 109 cm Grundfl\u00e4che: ca. 37 x 37 cm Stammdurchmesser: ca. 9 cm<\/p>\n","protected":false},"featured_media":23032,"comment_status":"closed","ping_status":"open","template":"","meta":[],"product_cat":[15064],"product_tag":[],"class_list":{"0":"post-48368","1":"product","2":"type-product","3":"status-publish","4":"has-post-thumbnail","6":"product_cat-bis-100-cm-kratzbaeume-moebel-bis-175-cmkatzenwelt","8":"first","9":"instock","10":"taxable","11":"shipping-taxable","12":"purchasable","13":"product-type-simple"},"_links":{"self":[{"href":"https:\/\/all-pets.de\/shop\/wp-json\/wp\/v2\/product\/48368","targetHints":{"allow":["GET"]}}],"collection":[{"href":"https:\/\/all-pets.de\/shop\/wp-json\/wp\/v2\/product"}],"about":[{"href":"https:\/\/all-pets.de\/shop\/wp-json\/wp\/v2\/types\/product"}],"replies":[{"embeddable":true,"href":"https:\/\/all-pets.de\/shop\/wp-json\/wp\/v2\/comments?post=48368"}],"wp:featuredmedia":[{"embeddable":true,"href":"https:\/\/all-pets.de\/shop\/wp-json\/wp\/v2\/media\/23032"}],"wp:attachment":[{"href":"https:\/\/all-pets.de\/shop\/wp-json\/wp\/v2\/media?parent=48368"}],"wp:term":[{"taxonomy":"product_cat","embeddable":true,"href":"https:\/\/all-pets.de\/shop\/wp-json\/wp\/v2\/product_cat?post=48368"},{"taxonomy":"product_tag","embeddable":true,"href":"https:\/\/all-pets.de\/shop\/wp-json\/wp\/v2\/product_tag?post=48368"}],"curies":[{"name":"wp","href":"https:\/\/api.w.org\/{rel}","templated":true}]}}