{"id":48369,"date":"2023-12-12T10:57:38","date_gmt":"2023-12-12T09:57:38","guid":{"rendered":"https:\/\/pet-shopping.de\/shop\/produkt\/catit-pixi-smart-trinkbrunnen\/"},"modified":"2023-12-12T10:57:57","modified_gmt":"2023-12-12T09:57:57","slug":"catit-pixi-smart-trinkbrunnen","status":"publish","type":"product","link":"https:\/\/all-pets.de\/shop\/produkt\/catit-pixi-smart-trinkbrunnen\/","title":{"rendered":"Catit PIXI Smart-Trinkbrunnen"},"content":{"rendered":"<p><strong>2-Liter-Trinkbrunnen mit UVC-Sterilisation und\u00a0App-Steuerung<\/strong><\/p>\n<ul>\n<li>Die UVC-Sterilisation neutralisiert 99% der Bakterien und\u00a0Viren<\/li>\n<li>Zus\u00e4tzlich enth\u00e4rtet der Filter das Wasser und entfernt Verunreinigungen<\/li>\n<li>Ergonomische Trinkoptionen f\u00fcr w\u00e4hlerische Katzen<\/li>\n<li>Hochwertiger Edelstahleinsatz<\/li>\n<li>Kostenlose App, integriertes WiFi<\/li>\n<\/ul>\n<div>Genauso clever wie hinrei\u00dfend<\/p>\n<p>Katzen brauchen sauberes Wasser f\u00fcr ihre Gesundheit, da eine gute Fl\u00fcssigkeitszufuhr dazu beitragen kann, Harnwegserkrankungen vorzubeugen. F\u00fcr ultrasauberes, ausgezeichnet schmeckendes Wasser verf\u00fcgt der Catit PIXI Smart-Trinkbrunnen \u00fcber zwei Filtertechnologien.<\/p>\n<div class=\"wpb_column vc_column_container vc_col-sm-12 vc_col-lg-6 vc_col-md-6 vc_col-xs-12 vc_col-has-fill\">\n<div class=\"vc_column-inner vc_custom_1618233658796\">\n<div class=\"wpb_wrapper\">PIXIs kleine Nase h\u00e4lt dich auf dem Laufenden:<\/p>\n<p>Wei\u00df = Nachtlicht<\/p>\n<p>Blau = Die UVC-Sterilisation ist in Betrieb<br \/>Blinkend: Der Filter muss erneuert werden<\/p>\n<p>Rot = Kein Wasser  automatische Abschaltung<br \/>Blinkend: Zeit zum Nachf\u00fcllen des Wassers<\/p>\n<p>Vollkommen ergonomisch.<br \/>Perfekt f\u00fcr w\u00e4hlerische Katzen<\/p>\n<p>Der Trinkbrunnen verf\u00fcgt \u00fcber einen D\u00fcsenkopf, der einen bogenf\u00f6rmigen Wasserfluss erzeugt, wenn er aufgesetzt wird. Endlich kann deine Katze bequem trinken, ohne eine komische Haltung einnehmen zu m\u00fcssen!<\/p>\n<p>Superleise Pumpe<\/p>\n<p>W\u00e4hrend Verschlei\u00df und Abnutzung dazu f\u00fchren k\u00f6nnen, dass Pumpen mit der Zeit lauter werden, verf\u00fcgt unsere \u00fcber ein langlebiges Keramiklager, das daf\u00fcr sorgt, dass sie viel l\u00e4nger reibungslos und leise l\u00e4uft.<\/p>\n<div class=\"wpb_text_column wpb_content_element \">\n<div class=\"wpb_wrapper\"><\/div>\n<\/div>\n<\/div>\n<\/div>\n<\/div>\n<\/div>\n","protected":false},"excerpt":{"rendered":"<p>2-Liter-Trinkbrunnen mit UVC-Sterilisation und\u00a0App-Steuerung Die UVC-Sterilisation neutralisiert 99% der Bakterien und\u00a0Viren Zus\u00e4tzlich enth\u00e4rtet der Filter das Wasser und entfernt Verunreinigungen Ergonomische Trinkoptionen f\u00fcr w\u00e4hlerische Katzen Hochwertiger Edelstahleinsatz Kostenlose App, integriertes WiFi Genauso clever wie hinrei\u00dfend Katzen brauchen sauberes Wasser f\u00fcr ihre Gesundheit, da eine gute Fl\u00fcssigkeitszufuhr dazu beitragen kann, Harnwegserkrankungen vorzubeugen. F\u00fcr ultrasauberes, ausgezeichnet schmeckendes [&hellip;]<\/p>\n","protected":false},"featured_media":24491,"comment_status":"closed","ping_status":"open","template":"","meta":[],"product_cat":[13880],"product_tag":[],"class_list":{"0":"post-48369","1":"product","2":"type-product","3":"status-publish","4":"has-post-thumbnail","6":"product_cat-katzentraenken-trinkbrunnen-katzennaepfe-traenken","8":"first","9":"instock","10":"taxable","11":"shipping-taxable","12":"purchasable","13":"product-type-simple"},"_links":{"self":[{"href":"https:\/\/all-pets.de\/shop\/wp-json\/wp\/v2\/product\/48369","targetHints":{"allow":["GET"]}}],"collection":[{"href":"https:\/\/all-pets.de\/shop\/wp-json\/wp\/v2\/product"}],"about":[{"href":"https:\/\/all-pets.de\/shop\/wp-json\/wp\/v2\/types\/product"}],"replies":[{"embeddable":true,"href":"https:\/\/all-pets.de\/shop\/wp-json\/wp\/v2\/comments?post=48369"}],"wp:featuredmedia":[{"embeddable":true,"href":"https:\/\/all-pets.de\/shop\/wp-json\/wp\/v2\/media\/24491"}],"wp:attachment":[{"href":"https:\/\/all-pets.de\/shop\/wp-json\/wp\/v2\/media?parent=48369"}],"wp:term":[{"taxonomy":"product_cat","embeddable":true,"href":"https:\/\/all-pets.de\/shop\/wp-json\/wp\/v2\/product_cat?post=48369"},{"taxonomy":"product_tag","embeddable":true,"href":"https:\/\/all-pets.de\/shop\/wp-json\/wp\/v2\/product_tag?post=48369"}],"curies":[{"name":"wp","href":"https:\/\/api.w.org\/{rel}","templated":true}]}}