{"id":48372,"date":"2023-12-12T10:57:38","date_gmt":"2023-12-12T09:57:38","guid":{"rendered":"https:\/\/pet-shopping.de\/shop\/produkt\/trixie-be-nordic-kratzbaum-skadi\/"},"modified":"2023-12-12T10:57:57","modified_gmt":"2023-12-12T09:57:57","slug":"trixie-be-nordic-kratzbaum-skadi","status":"publish","type":"product","link":"https:\/\/all-pets.de\/shop\/produkt\/trixie-be-nordic-kratzbaum-skadi\/","title":{"rendered":"Trixie BE NORDIC Kratzbaum Skadi"},"content":{"rendered":"<ul>\n<li>Sisal: Durchmesser 5 mm\/Sperrholz (lackiert)\/Canvas<\/li>\n<li>mit 2 Wendekissen: Handw\u00e4sche<\/li>\n<li>Kuschelbett mit Wendekissen: Handw\u00e4sche<\/li>\n<li>Farbe: wei\u00df\/sand<\/li>\n<li>H\u00f6he: ca. 114 cm<\/li>\n<li>Grundfl\u00e4che: ca. 62 x 52 cm<\/li>\n<li>Stammdurchmesser: ca. 11 cm<\/li>\n<\/ul>\n<div class=\"infotextWrap\">Aus dem Verkauf der Serie unterst\u00fctzt TRIXIE Meeresschutzprojekte und leistet damit einen Beitrag zum Natur- und Artenschutz.<\/div>\n","protected":false},"excerpt":{"rendered":"<p>Sisal: Durchmesser 5 mm\/Sperrholz (lackiert)\/Canvas mit 2 Wendekissen: Handw\u00e4sche Kuschelbett mit Wendekissen: Handw\u00e4sche Farbe: wei\u00df\/sand H\u00f6he: ca. 114 cm Grundfl\u00e4che: ca. 62 x 52 cm Stammdurchmesser: ca. 11 cm Aus dem Verkauf der Serie unterst\u00fctzt TRIXIE Meeresschutzprojekte und leistet damit einen Beitrag zum Natur- und Artenschutz.<\/p>\n","protected":false},"featured_media":25473,"comment_status":"closed","ping_status":"open","template":"","meta":[],"product_cat":[14520],"product_tag":[],"class_list":{"0":"post-48372","1":"product","2":"type-product","3":"status-publish","4":"has-post-thumbnail","6":"product_cat-bis-175-cm","8":"first","9":"instock","10":"taxable","11":"shipping-taxable","12":"purchasable","13":"product-type-simple"},"_links":{"self":[{"href":"https:\/\/all-pets.de\/shop\/wp-json\/wp\/v2\/product\/48372","targetHints":{"allow":["GET"]}}],"collection":[{"href":"https:\/\/all-pets.de\/shop\/wp-json\/wp\/v2\/product"}],"about":[{"href":"https:\/\/all-pets.de\/shop\/wp-json\/wp\/v2\/types\/product"}],"replies":[{"embeddable":true,"href":"https:\/\/all-pets.de\/shop\/wp-json\/wp\/v2\/comments?post=48372"}],"wp:featuredmedia":[{"embeddable":true,"href":"https:\/\/all-pets.de\/shop\/wp-json\/wp\/v2\/media\/25473"}],"wp:attachment":[{"href":"https:\/\/all-pets.de\/shop\/wp-json\/wp\/v2\/media?parent=48372"}],"wp:term":[{"taxonomy":"product_cat","embeddable":true,"href":"https:\/\/all-pets.de\/shop\/wp-json\/wp\/v2\/product_cat?post=48372"},{"taxonomy":"product_tag","embeddable":true,"href":"https:\/\/all-pets.de\/shop\/wp-json\/wp\/v2\/product_tag?post=48372"}],"curies":[{"name":"wp","href":"https:\/\/api.w.org\/{rel}","templated":true}]}}