{"id":48374,"date":"2023-12-12T10:57:59","date_gmt":"2023-12-12T09:57:59","guid":{"rendered":"https:\/\/pet-shopping.de\/shop\/produkt\/trixie-kratzbaum-harvey-weiss-pink\/"},"modified":"2023-12-12T10:57:59","modified_gmt":"2023-12-12T09:57:59","slug":"trixie-kratzbaum-harvey-weiss-pink","status":"publish","type":"product","link":"https:\/\/all-pets.de\/shop\/produkt\/trixie-kratzbaum-harvey-weiss-pink\/","title":{"rendered":"Trixie Kratzbaum Harvey &#8211; wei\u00df\/pink"},"content":{"rendered":"<ul>\n<li>Jute: Durchmesser 4 mm\/Langhaar-Pl\u00fcsch (Polyester): 310 g\/m\u00b2<\/li>\n<li>Kuschelbett mit gepolstertem Rand<\/li>\n<li>H\u00f6hle mit Fleece (Polyester) und Wendekissen (Handw\u00e4sche) ausgestattet<\/li>\n<li>H\u00f6he: ca. 73 cm<\/li>\n<li>Grundfl\u00e4che: ca. 54 x 40 cm<\/li>\n<li>Stammdurchmesser: ca. 9 cm<\/li>\n<li>Farbe: wei\u00df\/pink<\/li>\n<\/ul>\n","protected":false},"excerpt":{"rendered":"<p>Jute: Durchmesser 4 mm\/Langhaar-Pl\u00fcsch (Polyester): 310 g\/m\u00b2 Kuschelbett mit gepolstertem Rand H\u00f6hle mit Fleece (Polyester) und Wendekissen (Handw\u00e4sche) ausgestattet H\u00f6he: ca. 73 cm Grundfl\u00e4che: ca. 54 x 40 cm Stammdurchmesser: ca. 9 cm Farbe: wei\u00df\/pink<\/p>\n","protected":false},"featured_media":24901,"comment_status":"closed","ping_status":"open","template":"","meta":[],"product_cat":[13901],"product_tag":[],"class_list":{"0":"post-48374","1":"product","2":"type-product","3":"status-publish","4":"has-post-thumbnail","6":"product_cat-bis-100-cm","8":"first","9":"instock","10":"taxable","11":"shipping-taxable","12":"purchasable","13":"product-type-simple"},"_links":{"self":[{"href":"https:\/\/all-pets.de\/shop\/wp-json\/wp\/v2\/product\/48374","targetHints":{"allow":["GET"]}}],"collection":[{"href":"https:\/\/all-pets.de\/shop\/wp-json\/wp\/v2\/product"}],"about":[{"href":"https:\/\/all-pets.de\/shop\/wp-json\/wp\/v2\/types\/product"}],"replies":[{"embeddable":true,"href":"https:\/\/all-pets.de\/shop\/wp-json\/wp\/v2\/comments?post=48374"}],"wp:featuredmedia":[{"embeddable":true,"href":"https:\/\/all-pets.de\/shop\/wp-json\/wp\/v2\/media\/24901"}],"wp:attachment":[{"href":"https:\/\/all-pets.de\/shop\/wp-json\/wp\/v2\/media?parent=48374"}],"wp:term":[{"taxonomy":"product_cat","embeddable":true,"href":"https:\/\/all-pets.de\/shop\/wp-json\/wp\/v2\/product_cat?post=48374"},{"taxonomy":"product_tag","embeddable":true,"href":"https:\/\/all-pets.de\/shop\/wp-json\/wp\/v2\/product_tag?post=48374"}],"curies":[{"name":"wp","href":"https:\/\/api.w.org\/{rel}","templated":true}]}}