{"id":48375,"date":"2023-12-12T10:57:59","date_gmt":"2023-12-12T09:57:59","guid":{"rendered":"https:\/\/pet-shopping.de\/shop\/produkt\/trixie-kratztonne-cat-tower-saul\/"},"modified":"2023-12-12T10:57:59","modified_gmt":"2023-12-12T09:57:59","slug":"trixie-kratztonne-cat-tower-saul","status":"publish","type":"product","link":"https:\/\/all-pets.de\/shop\/produkt\/trixie-kratztonne-cat-tower-saul\/","title":{"rendered":"Trixie Kratztonne Cat Tower Saul"},"content":{"rendered":"<ul>\n<li>Sisal\/Webstoff\/Pl\u00fcsch (Polyester): 260 g\/m\u00b2<\/li>\n<li>H\u00f6hle mit Pl\u00fcsch\/Fleece (Polyester) ausgestattet<\/li>\n<li>gepolsterte Liegeplatten<\/li>\n<li>zusammenklappbar und platzsparend zu verstauen<\/li>\n<li>Farbe: grau\/wei\u00df<\/li>\n<li>H\u00f6he: ca. 64 cm<\/li>\n<li>Grundfl\u00e4che: ca. 39 x 39 cm<\/li>\n<\/ul>\n","protected":false},"excerpt":{"rendered":"<p>Sisal\/Webstoff\/Pl\u00fcsch (Polyester): 260 g\/m\u00b2 H\u00f6hle mit Pl\u00fcsch\/Fleece (Polyester) ausgestattet gepolsterte Liegeplatten zusammenklappbar und platzsparend zu verstauen Farbe: grau\/wei\u00df H\u00f6he: ca. 64 cm Grundfl\u00e4che: ca. 39 x 39 cm<\/p>\n","protected":false},"featured_media":16461,"comment_status":"closed","ping_status":"open","template":"","meta":[],"product_cat":[15065],"product_tag":[],"class_list":{"0":"post-48375","1":"product","2":"type-product","3":"status-publish","4":"has-post-thumbnail","6":"product_cat-bis-100-cm-kratzbaeume-moebel-kratztonnenkatzenwelt","8":"first","9":"instock","10":"taxable","11":"shipping-taxable","12":"purchasable","13":"product-type-simple"},"_links":{"self":[{"href":"https:\/\/all-pets.de\/shop\/wp-json\/wp\/v2\/product\/48375","targetHints":{"allow":["GET"]}}],"collection":[{"href":"https:\/\/all-pets.de\/shop\/wp-json\/wp\/v2\/product"}],"about":[{"href":"https:\/\/all-pets.de\/shop\/wp-json\/wp\/v2\/types\/product"}],"replies":[{"embeddable":true,"href":"https:\/\/all-pets.de\/shop\/wp-json\/wp\/v2\/comments?post=48375"}],"wp:featuredmedia":[{"embeddable":true,"href":"https:\/\/all-pets.de\/shop\/wp-json\/wp\/v2\/media\/16461"}],"wp:attachment":[{"href":"https:\/\/all-pets.de\/shop\/wp-json\/wp\/v2\/media?parent=48375"}],"wp:term":[{"taxonomy":"product_cat","embeddable":true,"href":"https:\/\/all-pets.de\/shop\/wp-json\/wp\/v2\/product_cat?post=48375"},{"taxonomy":"product_tag","embeddable":true,"href":"https:\/\/all-pets.de\/shop\/wp-json\/wp\/v2\/product_tag?post=48375"}],"curies":[{"name":"wp","href":"https:\/\/api.w.org\/{rel}","templated":true}]}}