{"id":48378,"date":"2023-12-12T10:57:59","date_gmt":"2023-12-12T09:57:59","guid":{"rendered":"https:\/\/pet-shopping.de\/shop\/produkt\/trixie-kratzrolle-grau\/"},"modified":"2023-12-12T10:58:00","modified_gmt":"2023-12-12T09:58:00","slug":"trixie-kratzrolle-grau","status":"publish","type":"product","link":"https:\/\/all-pets.de\/shop\/produkt\/trixie-kratzrolle-grau\/","title":{"rendered":"Trixie Kratzrolle &#8211; grau"},"content":{"rendered":"<ul>\n<li>Sisal\/Pl\u00fcsch (Polyester): 400 g\/m\u00b2<\/li>\n<li>herausnehmbares Kissen mit Polyestervlies-F\u00fcllung: Handw\u00e4sche<\/li>\n<li>Farbe: grau<\/li>\n<li>Durchmesser: ca. 27 cm<\/li>\n<li>L\u00e4nge: ca. 39 cm<\/li>\n<\/ul>\n","protected":false},"excerpt":{"rendered":"<p>Sisal\/Pl\u00fcsch (Polyester): 400 g\/m\u00b2 herausnehmbares Kissen mit Polyestervlies-F\u00fcllung: Handw\u00e4sche Farbe: grau Durchmesser: ca. 27 cm L\u00e4nge: ca. 39 cm<\/p>\n","protected":false},"featured_media":19419,"comment_status":"closed","ping_status":"open","template":"","meta":[],"product_cat":[14595],"product_tag":[],"class_list":{"0":"post-48378","1":"product","2":"type-product","3":"status-publish","4":"has-post-thumbnail","6":"product_cat-kratzbretter-artikel-kratzbaeume-moebel","8":"first","9":"instock","10":"taxable","11":"shipping-taxable","12":"purchasable","13":"product-type-simple"},"_links":{"self":[{"href":"https:\/\/all-pets.de\/shop\/wp-json\/wp\/v2\/product\/48378","targetHints":{"allow":["GET"]}}],"collection":[{"href":"https:\/\/all-pets.de\/shop\/wp-json\/wp\/v2\/product"}],"about":[{"href":"https:\/\/all-pets.de\/shop\/wp-json\/wp\/v2\/types\/product"}],"replies":[{"embeddable":true,"href":"https:\/\/all-pets.de\/shop\/wp-json\/wp\/v2\/comments?post=48378"}],"wp:featuredmedia":[{"embeddable":true,"href":"https:\/\/all-pets.de\/shop\/wp-json\/wp\/v2\/media\/19419"}],"wp:attachment":[{"href":"https:\/\/all-pets.de\/shop\/wp-json\/wp\/v2\/media?parent=48378"}],"wp:term":[{"taxonomy":"product_cat","embeddable":true,"href":"https:\/\/all-pets.de\/shop\/wp-json\/wp\/v2\/product_cat?post=48378"},{"taxonomy":"product_tag","embeddable":true,"href":"https:\/\/all-pets.de\/shop\/wp-json\/wp\/v2\/product_tag?post=48378"}],"curies":[{"name":"wp","href":"https:\/\/api.w.org\/{rel}","templated":true}]}}