{"id":48380,"date":"2023-12-12T10:57:59","date_gmt":"2023-12-12T09:57:59","guid":{"rendered":"https:\/\/pet-shopping.de\/shop\/produkt\/trixie-katzenhaus-zweituerig-z-b-fuer-toiletten\/"},"modified":"2023-12-12T10:58:00","modified_gmt":"2023-12-12T09:58:00","slug":"trixie-katzenhaus-zweituerig-z-b-fuer-toiletten","status":"publish","type":"product","link":"https:\/\/all-pets.de\/shop\/produkt\/trixie-katzenhaus-zweituerig-z-b-fuer-toiletten\/","title":{"rendered":"Trixie Katzenhaus zweit\u00fcrig z.B. f\u00fcr Toiletten"},"content":{"rendered":"<ul>\n<li>MDF, lackiert<\/li>\n<li>zum Verbergen einer Katzentoilette<\/li>\n<li>auch als Schlafhaus nutzbar<\/li>\n<li>verhindert das Austreten von Katzenstreu<\/li>\n<li>mit Vorleger f\u00fcr Katzentoilette<\/li>\n<li>der Eingang kann wahlweise rechts oder links eingebaut werden<\/li>\n<li>T\u00fcr mit Magnetverschluss<\/li>\n<li>passend z.B. f\u00fcr Trixie Katzentoilette Classic mit Rand<\/li>\n<li>Ablagefl\u00e4che belastbar bis zu 90 kg<\/li>\n<li>Ma\u00dfe: ca. 75 x 51 x 53 cm (BxHxT)<\/li>\n<li>Farbe: wei\u00df<\/li>\n<li>einfache Montage<\/li>\n<\/ul>\n","protected":false},"excerpt":{"rendered":"<p>MDF, lackiert zum Verbergen einer Katzentoilette auch als Schlafhaus nutzbar verhindert das Austreten von Katzenstreu mit Vorleger f\u00fcr Katzentoilette der Eingang kann wahlweise rechts oder links eingebaut werden T\u00fcr mit Magnetverschluss passend z.B. f\u00fcr Trixie Katzentoilette Classic mit Rand Ablagefl\u00e4che belastbar bis zu 90 kg Ma\u00dfe: ca. 75 x 51 x 53 cm (BxHxT) Farbe: [&hellip;]<\/p>\n","protected":false},"featured_media":20163,"comment_status":"closed","ping_status":"open","template":"","meta":[],"product_cat":[14606],"product_tag":[],"class_list":{"0":"post-48380","1":"product","2":"type-product","3":"status-publish","4":"has-post-thumbnail","6":"product_cat-haeuser-hoehlen-katzenbetten-katzenkoerbe-toiletten-zubehoerkatzenwelt","8":"first","9":"instock","10":"taxable","11":"shipping-taxable","12":"purchasable","13":"product-type-simple"},"_links":{"self":[{"href":"https:\/\/all-pets.de\/shop\/wp-json\/wp\/v2\/product\/48380","targetHints":{"allow":["GET"]}}],"collection":[{"href":"https:\/\/all-pets.de\/shop\/wp-json\/wp\/v2\/product"}],"about":[{"href":"https:\/\/all-pets.de\/shop\/wp-json\/wp\/v2\/types\/product"}],"replies":[{"embeddable":true,"href":"https:\/\/all-pets.de\/shop\/wp-json\/wp\/v2\/comments?post=48380"}],"wp:featuredmedia":[{"embeddable":true,"href":"https:\/\/all-pets.de\/shop\/wp-json\/wp\/v2\/media\/20163"}],"wp:attachment":[{"href":"https:\/\/all-pets.de\/shop\/wp-json\/wp\/v2\/media?parent=48380"}],"wp:term":[{"taxonomy":"product_cat","embeddable":true,"href":"https:\/\/all-pets.de\/shop\/wp-json\/wp\/v2\/product_cat?post=48380"},{"taxonomy":"product_tag","embeddable":true,"href":"https:\/\/all-pets.de\/shop\/wp-json\/wp\/v2\/product_tag?post=48380"}],"curies":[{"name":"wp","href":"https:\/\/api.w.org\/{rel}","templated":true}]}}