{"id":48383,"date":"2023-12-12T10:57:59","date_gmt":"2023-12-12T09:57:59","guid":{"rendered":"https:\/\/pet-shopping.de\/shop\/produkt\/trixie-kratzbaum-filippo\/"},"modified":"2023-12-12T10:58:00","modified_gmt":"2023-12-12T09:58:00","slug":"trixie-kratzbaum-filippo","status":"publish","type":"product","link":"https:\/\/all-pets.de\/shop\/produkt\/trixie-kratzbaum-filippo\/","title":{"rendered":"Trixie Kratzbaum Filippo"},"content":{"rendered":"<ul>\n<li>Sisaldurchmesser: 6 mm\/Pl\u00fcsch (Polyester): 280 g\/m\u00b2\/Velours (Polyester), beflockt<\/li>\n<li>gepolsterter Kuschelsack<\/li>\n<li>gepolsterte Liegeplatten<\/li>\n<li>Liegeplatte mit abnehmbarem Kuschelbett: Handw\u00e4sche<\/li>\n<li>gepolsterte Bodenplatte mit Raschelfolie<\/li>\n<li>Farbe: schwarz<\/li>\n<li>H\u00f6he: ca. 114 cm<\/li>\n<li>Grundfl\u00e4che: ca. 77 x 58 cm<\/li>\n<li>Stammdurchmesser: ca. 11 cm<\/li>\n<\/ul>\n","protected":false},"excerpt":{"rendered":"<p>Sisaldurchmesser: 6 mm\/Pl\u00fcsch (Polyester): 280 g\/m\u00b2\/Velours (Polyester), beflockt gepolsterter Kuschelsack gepolsterte Liegeplatten Liegeplatte mit abnehmbarem Kuschelbett: Handw\u00e4sche gepolsterte Bodenplatte mit Raschelfolie Farbe: schwarz H\u00f6he: ca. 114 cm Grundfl\u00e4che: ca. 77 x 58 cm Stammdurchmesser: ca. 11 cm<\/p>\n","protected":false},"featured_media":36084,"comment_status":"closed","ping_status":"open","template":"","meta":[],"product_cat":[14964],"product_tag":[],"class_list":{"0":"post-48383","1":"product","2":"type-product","3":"status-publish","4":"has-post-thumbnail","6":"product_cat-kratzbaum-fuer-grosse-katzen","8":"first","9":"instock","10":"taxable","11":"shipping-taxable","12":"purchasable","13":"product-type-simple"},"_links":{"self":[{"href":"https:\/\/all-pets.de\/shop\/wp-json\/wp\/v2\/product\/48383","targetHints":{"allow":["GET"]}}],"collection":[{"href":"https:\/\/all-pets.de\/shop\/wp-json\/wp\/v2\/product"}],"about":[{"href":"https:\/\/all-pets.de\/shop\/wp-json\/wp\/v2\/types\/product"}],"replies":[{"embeddable":true,"href":"https:\/\/all-pets.de\/shop\/wp-json\/wp\/v2\/comments?post=48383"}],"wp:featuredmedia":[{"embeddable":true,"href":"https:\/\/all-pets.de\/shop\/wp-json\/wp\/v2\/media\/36084"}],"wp:attachment":[{"href":"https:\/\/all-pets.de\/shop\/wp-json\/wp\/v2\/media?parent=48383"}],"wp:term":[{"taxonomy":"product_cat","embeddable":true,"href":"https:\/\/all-pets.de\/shop\/wp-json\/wp\/v2\/product_cat?post=48383"},{"taxonomy":"product_tag","embeddable":true,"href":"https:\/\/all-pets.de\/shop\/wp-json\/wp\/v2\/product_tag?post=48383"}],"curies":[{"name":"wp","href":"https:\/\/api.w.org\/{rel}","templated":true}]}}