{"id":48384,"date":"2023-12-12T10:57:59","date_gmt":"2023-12-12T09:57:59","guid":{"rendered":"https:\/\/pet-shopping.de\/shop\/produkt\/trixie-kratzbaum-nayra\/"},"modified":"2023-12-12T10:58:00","modified_gmt":"2023-12-12T09:58:00","slug":"trixie-kratzbaum-nayra","status":"publish","type":"product","link":"https:\/\/all-pets.de\/shop\/produkt\/trixie-kratzbaum-nayra\/","title":{"rendered":"Trixie Kratzbaum Nayra"},"content":{"rendered":"<ul>\n<li>Jutedurchmesser: 6 mm\/Pl\u00fcsch (Polyester): 280 g\/m\u00b2<\/li>\n<li>H\u00f6hle mit Pl\u00fcsch (Polyester) ausgestattet<\/li>\n<li>Kuschelbett mit gepolstertem Rand<\/li>\n<li>Farbe: beige<\/li>\n<li>H\u00f6he: ca. 83 cm<\/li>\n<li>Grundfl\u00e4che: ca. 40 x 40 cm<\/li>\n<li>Stammdurchmesser: ca. 9 cm<\/li>\n<\/ul>\n","protected":false},"excerpt":{"rendered":"<p>Jutedurchmesser: 6 mm\/Pl\u00fcsch (Polyester): 280 g\/m\u00b2 H\u00f6hle mit Pl\u00fcsch (Polyester) ausgestattet Kuschelbett mit gepolstertem Rand Farbe: beige H\u00f6he: ca. 83 cm Grundfl\u00e4che: ca. 40 x 40 cm Stammdurchmesser: ca. 9 cm<\/p>\n","protected":false},"featured_media":20409,"comment_status":"closed","ping_status":"open","template":"","meta":[],"product_cat":[13901],"product_tag":[],"class_list":{"0":"post-48384","1":"product","2":"type-product","3":"status-publish","4":"has-post-thumbnail","6":"product_cat-bis-100-cm","8":"first","9":"instock","10":"taxable","11":"shipping-taxable","12":"purchasable","13":"product-type-simple"},"_links":{"self":[{"href":"https:\/\/all-pets.de\/shop\/wp-json\/wp\/v2\/product\/48384","targetHints":{"allow":["GET"]}}],"collection":[{"href":"https:\/\/all-pets.de\/shop\/wp-json\/wp\/v2\/product"}],"about":[{"href":"https:\/\/all-pets.de\/shop\/wp-json\/wp\/v2\/types\/product"}],"replies":[{"embeddable":true,"href":"https:\/\/all-pets.de\/shop\/wp-json\/wp\/v2\/comments?post=48384"}],"wp:featuredmedia":[{"embeddable":true,"href":"https:\/\/all-pets.de\/shop\/wp-json\/wp\/v2\/media\/20409"}],"wp:attachment":[{"href":"https:\/\/all-pets.de\/shop\/wp-json\/wp\/v2\/media?parent=48384"}],"wp:term":[{"taxonomy":"product_cat","embeddable":true,"href":"https:\/\/all-pets.de\/shop\/wp-json\/wp\/v2\/product_cat?post=48384"},{"taxonomy":"product_tag","embeddable":true,"href":"https:\/\/all-pets.de\/shop\/wp-json\/wp\/v2\/product_tag?post=48384"}],"curies":[{"name":"wp","href":"https:\/\/api.w.org\/{rel}","templated":true}]}}