{"id":48390,"date":"2023-12-12T10:57:59","date_gmt":"2023-12-12T09:57:59","guid":{"rendered":"https:\/\/pet-shopping.de\/shop\/produkt\/catit-pixi-smart-futterautomat\/"},"modified":"2023-12-12T10:58:01","modified_gmt":"2023-12-12T09:58:01","slug":"catit-pixi-smart-futterautomat","status":"publish","type":"product","link":"https:\/\/all-pets.de\/shop\/produkt\/catit-pixi-smart-futterautomat\/","title":{"rendered":"Catit PIXI Smart Futterautomat"},"content":{"rendered":"<p><strong>PIXI Smart-Futternapf<\/strong><\/p>\n<ul>\n<li>F\u00fcttert deine Katze nach einem von dir festgelegten Zeitplan<\/li>\n<li>Hochwertige Edelstahlfutterschale<\/li>\n<li>Kostenlose App, integriertes WiFi<\/li>\n<li>Notstrombatterie f\u00fcr \u00b1 58 Std<\/li>\n<\/ul>\n<div>Entspannung zu den Mahlzeiten<\/p>\n<p>Keine Lust mehr auf die immer gleiche F\u00fctterungsroutine? Der Catit PIXI Smart-Futternapf f\u00fcttert deine Katze mit genau der richtigen Futtermenge zu genau der richtigen Zeit \u2013 sogar wenn du nicht zu Hause bist.<\/p>\n<p>Das gro\u00dfe Reservoir fasst \u00b1 1,2 kg an Trockenfutter<br \/>Das entspricht etwa 10 bis 15 Tagen (Durchschnittliche Angaben f\u00fcr 1 erwachsene Katze)<\/p>\n<p>F\u00fcr alle g\u00e4ngigen Futterpelletgr\u00f6\u00dfen und -formen geeignet mit einem Durchmesser von bis zu 9 mm.<\/p>\n<p>Lege die t\u00e4glichen F\u00fctterungen deiner Katze individuell \u00fcber die kostenlose App fest.<\/p>\n<p>Kreiere deinen w\u00f6chentlichen F\u00fctterungsplan<br \/>Programmiere bis zu 12 Mahlzeiten pro Tag. Der F\u00fctterungsplan wiederholt sich dann so lange, wie du es w\u00fcnscht. \u00dcber die App kannst du die Steuerung des Smart-Futternapfes auch mit Freunden oder Familienmitgliedern teilen.<\/p>\n<p>Plane genau, wie viel deine Katze fressen soll<br \/>Eine Mahlzeit kann aus einer oder mehreren Portionen bestehen.<\/p>\n<p>Aktiviere die Push-Benachrichtigungen, so dass du immer Bescheid wei\u00dft, wenn eine Mahlzeit serviert wurde. <\/p>\n<p>PIXI informiert dich, wenn es an der Zeit ist, das Reservoir mit Futter aufzuf\u00fcllen.<\/p>\n<p>Luftdichter Verschluss dichtet das Reservoir ab<\/p>\n<p>Smarte Technologie f\u00fcr eine optimale Leistung<br \/>Die spezielle Konstruktion und der starke Motor des Futternapfes sorgen f\u00fcr eine optimale Futterausgabe. Au\u00dferdem werden etwaige Verstopfungen automatisch beseitigt.<\/div>\n","protected":false},"excerpt":{"rendered":"<p>PIXI Smart-Futternapf F\u00fcttert deine Katze nach einem von dir festgelegten Zeitplan Hochwertige Edelstahlfutterschale Kostenlose App, integriertes WiFi Notstrombatterie f\u00fcr \u00b1 58 Std Entspannung zu den Mahlzeiten Keine Lust mehr auf die immer gleiche F\u00fctterungsroutine? Der Catit PIXI Smart-Futternapf f\u00fcttert deine Katze mit genau der richtigen Futtermenge zu genau der richtigen Zeit \u2013 sogar wenn du [&hellip;]<\/p>\n","protected":false},"featured_media":4220,"comment_status":"closed","ping_status":"open","template":"","meta":[],"product_cat":[13740],"product_tag":[],"class_list":{"0":"post-48390","1":"product","2":"type-product","3":"status-publish","4":"has-post-thumbnail","6":"product_cat-futter-wassernaepfe","8":"first","9":"instock","10":"taxable","11":"shipping-taxable","12":"purchasable","13":"product-type-simple"},"_links":{"self":[{"href":"https:\/\/all-pets.de\/shop\/wp-json\/wp\/v2\/product\/48390","targetHints":{"allow":["GET"]}}],"collection":[{"href":"https:\/\/all-pets.de\/shop\/wp-json\/wp\/v2\/product"}],"about":[{"href":"https:\/\/all-pets.de\/shop\/wp-json\/wp\/v2\/types\/product"}],"replies":[{"embeddable":true,"href":"https:\/\/all-pets.de\/shop\/wp-json\/wp\/v2\/comments?post=48390"}],"wp:featuredmedia":[{"embeddable":true,"href":"https:\/\/all-pets.de\/shop\/wp-json\/wp\/v2\/media\/4220"}],"wp:attachment":[{"href":"https:\/\/all-pets.de\/shop\/wp-json\/wp\/v2\/media?parent=48390"}],"wp:term":[{"taxonomy":"product_cat","embeddable":true,"href":"https:\/\/all-pets.de\/shop\/wp-json\/wp\/v2\/product_cat?post=48390"},{"taxonomy":"product_tag","embeddable":true,"href":"https:\/\/all-pets.de\/shop\/wp-json\/wp\/v2\/product_tag?post=48390"}],"curies":[{"name":"wp","href":"https:\/\/api.w.org\/{rel}","templated":true}]}}