{"id":48398,"date":"2023-12-12T10:58:03","date_gmt":"2023-12-12T09:58:03","guid":{"rendered":"https:\/\/pet-shopping.de\/shop\/produkt\/trixie-katzentoilette-delio-mit-motiv-grau-weiss\/"},"modified":"2023-12-12T10:58:03","modified_gmt":"2023-12-12T09:58:03","slug":"trixie-katzentoilette-delio-mit-motiv-grau-weiss","status":"publish","type":"product","link":"https:\/\/all-pets.de\/shop\/produkt\/trixie-katzentoilette-delio-mit-motiv-grau-weiss\/","title":{"rendered":"Trixie Katzentoilette Delio mit Motiv &#8211; grau\/wei\u00df"},"content":{"rendered":"<ul>\n<li>Breiter Ausstieg verhindert das Hinaustragen von Streu<\/li>\n<li>hohe Umrandung <\/li>\n<li>mit Motivdruck<\/li>\n<li>Kunststoff<\/li>\n<li>Ma\u00dfe: ca. 38 \u00d7 20 \u00d7 50 cm<\/li>\n<li>Farbe: grau\/wei\u00df<\/li>\n<\/ul>\n","protected":false},"excerpt":{"rendered":"<p>Breiter Ausstieg verhindert das Hinaustragen von Streu hohe Umrandung mit Motivdruck Kunststoff Ma\u00dfe: ca. 38 \u00d7 20 \u00d7 50 cm Farbe: grau\/wei\u00df<\/p>\n","protected":false},"featured_media":15454,"comment_status":"closed","ping_status":"open","template":"","meta":[],"product_cat":[13941],"product_tag":[],"class_list":{"0":"post-48398","1":"product","2":"type-product","3":"status-publish","4":"has-post-thumbnail","6":"product_cat-katzentoiletten","8":"first","9":"instock","10":"taxable","11":"shipping-taxable","12":"purchasable","13":"product-type-simple"},"_links":{"self":[{"href":"https:\/\/all-pets.de\/shop\/wp-json\/wp\/v2\/product\/48398","targetHints":{"allow":["GET"]}}],"collection":[{"href":"https:\/\/all-pets.de\/shop\/wp-json\/wp\/v2\/product"}],"about":[{"href":"https:\/\/all-pets.de\/shop\/wp-json\/wp\/v2\/types\/product"}],"replies":[{"embeddable":true,"href":"https:\/\/all-pets.de\/shop\/wp-json\/wp\/v2\/comments?post=48398"}],"wp:featuredmedia":[{"embeddable":true,"href":"https:\/\/all-pets.de\/shop\/wp-json\/wp\/v2\/media\/15454"}],"wp:attachment":[{"href":"https:\/\/all-pets.de\/shop\/wp-json\/wp\/v2\/media?parent=48398"}],"wp:term":[{"taxonomy":"product_cat","embeddable":true,"href":"https:\/\/all-pets.de\/shop\/wp-json\/wp\/v2\/product_cat?post=48398"},{"taxonomy":"product_tag","embeddable":true,"href":"https:\/\/all-pets.de\/shop\/wp-json\/wp\/v2\/product_tag?post=48398"}],"curies":[{"name":"wp","href":"https:\/\/api.w.org\/{rel}","templated":true}]}}