{"id":48399,"date":"2023-12-12T10:58:03","date_gmt":"2023-12-12T09:58:03","guid":{"rendered":"https:\/\/pet-shopping.de\/shop\/produkt\/procyon-plueschtier-gruene-mamba-xl\/"},"modified":"2023-12-12T10:58:03","modified_gmt":"2023-12-12T09:58:03","slug":"procyon-plueschtier-gruene-mamba-xl","status":"publish","type":"product","link":"https:\/\/all-pets.de\/shop\/produkt\/procyon-plueschtier-gruene-mamba-xl\/","title":{"rendered":"PROCYON Pl\u00fcschtier Gr\u00fcne Mamba XL"},"content":{"rendered":"<p>Die extra gro\u00dfe Pl\u00fcsch Mamba ist ca. 90 cm lang und verspricht jede Menge Spielspa\u00df. Sie ist aus weichem Pl\u00fcsch mit einer Polyesterf\u00fcllung und ohne Quietscher.<\/p>\n","protected":false},"excerpt":{"rendered":"<p>Die extra gro\u00dfe Pl\u00fcsch Mamba ist ca. 90 cm lang und verspricht jede Menge Spielspa\u00df. Sie ist aus weichem Pl\u00fcsch mit einer Polyesterf\u00fcllung und ohne Quietscher.<\/p>\n","protected":false},"featured_media":23006,"comment_status":"closed","ping_status":"open","template":"","meta":[],"product_cat":[13828],"product_tag":[],"class_list":{"0":"post-48399","1":"product","2":"type-product","3":"status-publish","4":"has-post-thumbnail","6":"product_cat-plueschspielzeug-hundespielzeug-sport","8":"first","9":"instock","10":"taxable","11":"shipping-taxable","12":"purchasable","13":"product-type-simple"},"_links":{"self":[{"href":"https:\/\/all-pets.de\/shop\/wp-json\/wp\/v2\/product\/48399","targetHints":{"allow":["GET"]}}],"collection":[{"href":"https:\/\/all-pets.de\/shop\/wp-json\/wp\/v2\/product"}],"about":[{"href":"https:\/\/all-pets.de\/shop\/wp-json\/wp\/v2\/types\/product"}],"replies":[{"embeddable":true,"href":"https:\/\/all-pets.de\/shop\/wp-json\/wp\/v2\/comments?post=48399"}],"wp:featuredmedia":[{"embeddable":true,"href":"https:\/\/all-pets.de\/shop\/wp-json\/wp\/v2\/media\/23006"}],"wp:attachment":[{"href":"https:\/\/all-pets.de\/shop\/wp-json\/wp\/v2\/media?parent=48399"}],"wp:term":[{"taxonomy":"product_cat","embeddable":true,"href":"https:\/\/all-pets.de\/shop\/wp-json\/wp\/v2\/product_cat?post=48399"},{"taxonomy":"product_tag","embeddable":true,"href":"https:\/\/all-pets.de\/shop\/wp-json\/wp\/v2\/product_tag?post=48399"}],"curies":[{"name":"wp","href":"https:\/\/api.w.org\/{rel}","templated":true}]}}