{"id":48401,"date":"2023-12-12T10:58:03","date_gmt":"2023-12-12T09:58:03","guid":{"rendered":"https:\/\/pet-shopping.de\/shop\/produkt\/trixie-katzentoilette-vico-pink-weiss\/"},"modified":"2023-12-12T10:58:03","modified_gmt":"2023-12-12T09:58:03","slug":"trixie-katzentoilette-vico-pink-weiss","status":"publish","type":"product","link":"https:\/\/all-pets.de\/shop\/produkt\/trixie-katzentoilette-vico-pink-weiss\/","title":{"rendered":"Trixie Katzentoilette Vico &#8211; pink\/wei\u00df"},"content":{"rendered":"<ul>\n<li>Katzentoilette Vico mit Haube <\/li>\n<li>Easy Click-Verschl\u00fcsse<\/li>\n<li>Kunststoff<\/li>\n<li>Ma\u00dfe: ca. 40 \u00d7 40 \u00d7 56 cm<\/li>\n<li>Farbe: pink\/wei\u00df<\/li>\n<\/ul>\n","protected":false},"excerpt":{"rendered":"<p>Katzentoilette Vico mit Haube Easy Click-Verschl\u00fcsse Kunststoff Ma\u00dfe: ca. 40 \u00d7 40 \u00d7 56 cm Farbe: pink\/wei\u00df<\/p>\n","protected":false},"featured_media":1500,"comment_status":"closed","ping_status":"open","template":"","meta":[],"product_cat":[13941],"product_tag":[],"class_list":{"0":"post-48401","1":"product","2":"type-product","3":"status-publish","4":"has-post-thumbnail","6":"product_cat-katzentoiletten","8":"first","9":"instock","10":"taxable","11":"shipping-taxable","12":"purchasable","13":"product-type-simple"},"_links":{"self":[{"href":"https:\/\/all-pets.de\/shop\/wp-json\/wp\/v2\/product\/48401","targetHints":{"allow":["GET"]}}],"collection":[{"href":"https:\/\/all-pets.de\/shop\/wp-json\/wp\/v2\/product"}],"about":[{"href":"https:\/\/all-pets.de\/shop\/wp-json\/wp\/v2\/types\/product"}],"replies":[{"embeddable":true,"href":"https:\/\/all-pets.de\/shop\/wp-json\/wp\/v2\/comments?post=48401"}],"wp:featuredmedia":[{"embeddable":true,"href":"https:\/\/all-pets.de\/shop\/wp-json\/wp\/v2\/media\/1500"}],"wp:attachment":[{"href":"https:\/\/all-pets.de\/shop\/wp-json\/wp\/v2\/media?parent=48401"}],"wp:term":[{"taxonomy":"product_cat","embeddable":true,"href":"https:\/\/all-pets.de\/shop\/wp-json\/wp\/v2\/product_cat?post=48401"},{"taxonomy":"product_tag","embeddable":true,"href":"https:\/\/all-pets.de\/shop\/wp-json\/wp\/v2\/product_tag?post=48401"}],"curies":[{"name":"wp","href":"https:\/\/api.w.org\/{rel}","templated":true}]}}