{"id":48406,"date":"2023-12-12T10:58:03","date_gmt":"2023-12-12T09:58:03","guid":{"rendered":"https:\/\/pet-shopping.de\/shop\/produkt\/procyon-ladi-mat-schleckplatte-hexagon\/"},"modified":"2023-12-12T10:58:04","modified_gmt":"2023-12-12T09:58:04","slug":"procyon-ladi-mat-schleckplatte-hexagon","status":"publish","type":"product","link":"https:\/\/all-pets.de\/shop\/produkt\/procyon-ladi-mat-schleckplatte-hexagon\/","title":{"rendered":"PROCYON Ladi Mat Schleckplatte Hexagon"},"content":{"rendered":"<p>Schleckplatten eignen sich perfekt zur Besch\u00e4ftigung von Hunden. Bestreichen Sie die Ladi Mat einfach mit einer Leckerei und schon hat Ihr Hund ein langes und leckeres Vergn\u00fcgen. Zur Abk\u00fchlung kann die Schleckplatte auch mitsamt Leckerei eingefroren werden.<\/p>\n<p>Die Ladi Mat besteht aus ungiftigem TPR in Lebensmittelqualit\u00e4t, ist sp\u00fclmaschinengeeignet und frostfest.<\/p>\n<p>Ma\u00dfe: ca. 20,5 x 22,5 cm<br \/>Farbe: gr\u00fcn<\/p>\n","protected":false},"excerpt":{"rendered":"<p>Schleckplatten eignen sich perfekt zur Besch\u00e4ftigung von Hunden. Bestreichen Sie die Ladi Mat einfach mit einer Leckerei und schon hat Ihr Hund ein langes und leckeres Vergn\u00fcgen. Zur Abk\u00fchlung kann die Schleckplatte auch mitsamt Leckerei eingefroren werden. Die Ladi Mat besteht aus ungiftigem TPR in Lebensmittelqualit\u00e4t, ist sp\u00fclmaschinengeeignet und frostfest. Ma\u00dfe: ca. 20,5 x 22,5 [&hellip;]<\/p>\n","protected":false},"featured_media":31776,"comment_status":"closed","ping_status":"open","template":"","meta":[],"product_cat":[13793],"product_tag":[],"class_list":{"0":"post-48406","1":"product","2":"type-product","3":"status-publish","4":"has-post-thumbnail","6":"product_cat-intelligenz","8":"first","9":"instock","10":"taxable","11":"shipping-taxable","12":"purchasable","13":"product-type-simple"},"_links":{"self":[{"href":"https:\/\/all-pets.de\/shop\/wp-json\/wp\/v2\/product\/48406","targetHints":{"allow":["GET"]}}],"collection":[{"href":"https:\/\/all-pets.de\/shop\/wp-json\/wp\/v2\/product"}],"about":[{"href":"https:\/\/all-pets.de\/shop\/wp-json\/wp\/v2\/types\/product"}],"replies":[{"embeddable":true,"href":"https:\/\/all-pets.de\/shop\/wp-json\/wp\/v2\/comments?post=48406"}],"wp:featuredmedia":[{"embeddable":true,"href":"https:\/\/all-pets.de\/shop\/wp-json\/wp\/v2\/media\/31776"}],"wp:attachment":[{"href":"https:\/\/all-pets.de\/shop\/wp-json\/wp\/v2\/media?parent=48406"}],"wp:term":[{"taxonomy":"product_cat","embeddable":true,"href":"https:\/\/all-pets.de\/shop\/wp-json\/wp\/v2\/product_cat?post=48406"},{"taxonomy":"product_tag","embeddable":true,"href":"https:\/\/all-pets.de\/shop\/wp-json\/wp\/v2\/product_tag?post=48406"}],"curies":[{"name":"wp","href":"https:\/\/api.w.org\/{rel}","templated":true}]}}