{"id":48417,"date":"2023-12-12T10:58:03","date_gmt":"2023-12-12T09:58:03","guid":{"rendered":"https:\/\/pet-shopping.de\/shop\/produkt\/gimcat-sticks-lamm-gefluegel-4-stueck\/"},"modified":"2023-12-12T10:58:05","modified_gmt":"2023-12-12T09:58:05","slug":"gimcat-sticks-lamm-gefluegel-4-stueck","status":"publish","type":"product","link":"https:\/\/all-pets.de\/shop\/produkt\/gimcat-sticks-lamm-gefluegel-4-stueck\/","title":{"rendered":"GimCat Sticks Lamm &#038; Gefl\u00fcgel &#8211; 4 St\u00fcck"},"content":{"rendered":"<p>GimCat Sticks sind das au\u00dfergew\u00f6hnliche Geschmackserlebnis f\u00fcr die verw\u00f6hnte Katze. Sie werden mit Lamm und Gefl\u00fcgel veredelt und enthalten Vitamine und Taurin. Getreidefreie Formel. Ohne Farbstoffe.<\/p>\n<p>Inhaltsstoffe:<\/p>\n<p>Analytische Bestandteile:Protein 36,0 %Fettgehalt 21,0 %Rohfaser 2,0 %Rohasche 6,0 %Feuchtigkeit 27,0 %<\/p>\n<p>Zusatzstoffe pro 1 kg:<\/p>\n<p>Ern\u00e4hrungsphysiologische Zusatzstoffe:Vit. A 5.000 I.EVit. D3500 I.E.Vit. E 5 mg Taurin1.000 mg<\/p>\n<p>Zusammensetzung: Fleisch und tierische Nebenerzeugnisse (90 %, 58 % vom Gefl\u00fcgel und 14% vom Lamm), Hefen, Zucker, Mineralstoffe<\/p>\n<p>F\u00fctterungsempfehlung:<\/p>\n<p>Erwachsene Katzen 1 &#8211; 2 Sticks pro Tag. Maximal 5 Sticks pro Woche verf\u00fcttern. Bitte stets frisches Wasser zur Verf\u00fcgung stellen.<\/p>\n","protected":false},"excerpt":{"rendered":"<p>GimCat Sticks sind das au\u00dfergew\u00f6hnliche Geschmackserlebnis f\u00fcr die verw\u00f6hnte Katze. Sie werden mit Lamm und Gefl\u00fcgel veredelt und enthalten Vitamine und Taurin. Getreidefreie Formel. Ohne Farbstoffe. Inhaltsstoffe: Analytische Bestandteile:Protein 36,0 %Fettgehalt 21,0 %Rohfaser 2,0 %Rohasche 6,0 %Feuchtigkeit 27,0 % Zusatzstoffe pro 1 kg: Ern\u00e4hrungsphysiologische Zusatzstoffe:Vit. A 5.000 I.EVit. D3500 I.E.Vit. E 5 mg Taurin1.000 mg [&hellip;]<\/p>\n","protected":false},"featured_media":48418,"comment_status":"closed","ping_status":"open","template":"","meta":[],"product_cat":[13785],"product_tag":[],"class_list":{"0":"post-48417","1":"product","2":"type-product","3":"status-publish","4":"has-post-thumbnail","6":"product_cat-gimcat","8":"first","9":"instock","10":"taxable","11":"shipping-taxable","12":"purchasable","13":"product-type-simple"},"_links":{"self":[{"href":"https:\/\/all-pets.de\/shop\/wp-json\/wp\/v2\/product\/48417","targetHints":{"allow":["GET"]}}],"collection":[{"href":"https:\/\/all-pets.de\/shop\/wp-json\/wp\/v2\/product"}],"about":[{"href":"https:\/\/all-pets.de\/shop\/wp-json\/wp\/v2\/types\/product"}],"replies":[{"embeddable":true,"href":"https:\/\/all-pets.de\/shop\/wp-json\/wp\/v2\/comments?post=48417"}],"wp:featuredmedia":[{"embeddable":true,"href":"https:\/\/all-pets.de\/shop\/wp-json\/wp\/v2\/media\/48418"}],"wp:attachment":[{"href":"https:\/\/all-pets.de\/shop\/wp-json\/wp\/v2\/media?parent=48417"}],"wp:term":[{"taxonomy":"product_cat","embeddable":true,"href":"https:\/\/all-pets.de\/shop\/wp-json\/wp\/v2\/product_cat?post=48417"},{"taxonomy":"product_tag","embeddable":true,"href":"https:\/\/all-pets.de\/shop\/wp-json\/wp\/v2\/product_tag?post=48417"}],"curies":[{"name":"wp","href":"https:\/\/api.w.org\/{rel}","templated":true}]}}