{"id":48419,"date":"2023-12-12T10:58:03","date_gmt":"2023-12-12T09:58:03","guid":{"rendered":"https:\/\/pet-shopping.de\/shop\/produkt\/classic-dog-snack-rinderpansen-100g\/"},"modified":"2023-12-12T10:58:06","modified_gmt":"2023-12-12T09:58:06","slug":"classic-dog-snack-rinderpansen-100g","status":"publish","type":"product","link":"https:\/\/all-pets.de\/shop\/produkt\/classic-dog-snack-rinderpansen-100g\/","title":{"rendered":"Classic Dog Snack Rinderpansen 100g"},"content":{"rendered":"<div class=\"row\">\n<div class=\"col-12\">\n<p>Der schonend getrocknete Rinderpansen Natur ist ein nat\u00fcrlicher Leckerbissen, zur Belohnung und bei Hunden sehr beliebt.<\/p>\n<p>Rinderpansen Natur entspricht dem urspr\u00fcnglichen Beutefleisch Ihres Hundes, f\u00fcr denneben Muskelfleisch auch Innereien wie Pansen oder Lunge zur nat\u00fcrlichen Nahrung geh\u00f6ren.<br \/>Beim Zerkauen werden gleichzeitig die Z\u00e4hne von Bel\u00e4gen befreit, das Zahnfleisch massiert und die Kaumuskeln gekr\u00e4ftigt.<\/p>\n<p>Rinderpansen ist aus 100% nat\u00fcrlichem Fleisch ohne k\u00fcnstliche Farbstoffe und ohne Konservierungsstoffe.<\/p>\n<p>Trockenpansen bietet eine ideale Alternative zu frischem Pansen vom Metzger, durchangenehmeren Geruch und bessere Lagerf\u00e4higkeit.<\/p>\n<p>Bitte lagern Sie dieses Produkt immer k\u00fchl und trocken.<\/p>\n<\/div>\n<\/div>\n<div class=\"row\">\n<div class=\"col\">\n<p>Protein: 77,50% Fett: 14,00% Feuchtigkeit: 06,50%<\/p>\n<\/div>\n<\/div>\n<div class=\"row\">\n<div class=\"col\">\n<p>Als Belohnungssnack erg\u00e4nzend zur gewohnten Hauptnahrung. Bitte immer ausreichend Wasser zur Verf\u00fcgung stellen.<\/p>\n<\/div>\n<\/div>\n","protected":false},"excerpt":{"rendered":"<p>Der schonend getrocknete Rinderpansen Natur ist ein nat\u00fcrlicher Leckerbissen, zur Belohnung und bei Hunden sehr beliebt. Rinderpansen Natur entspricht dem urspr\u00fcnglichen Beutefleisch Ihres Hundes, f\u00fcr denneben Muskelfleisch auch Innereien wie Pansen oder Lunge zur nat\u00fcrlichen Nahrung geh\u00f6ren.Beim Zerkauen werden gleichzeitig die Z\u00e4hne von Bel\u00e4gen befreit, das Zahnfleisch massiert und die Kaumuskeln gekr\u00e4ftigt. Rinderpansen ist aus [&hellip;]<\/p>\n","protected":false},"featured_media":48420,"comment_status":"closed","ping_status":"open","template":"","meta":[],"product_cat":[13902],"product_tag":[],"class_list":{"0":"post-48419","1":"product","2":"type-product","3":"status-publish","4":"has-post-thumbnail","6":"product_cat-classic-trockenware","8":"first","9":"instock","10":"taxable","11":"shipping-taxable","12":"purchasable","13":"product-type-simple"},"_links":{"self":[{"href":"https:\/\/all-pets.de\/shop\/wp-json\/wp\/v2\/product\/48419","targetHints":{"allow":["GET"]}}],"collection":[{"href":"https:\/\/all-pets.de\/shop\/wp-json\/wp\/v2\/product"}],"about":[{"href":"https:\/\/all-pets.de\/shop\/wp-json\/wp\/v2\/types\/product"}],"replies":[{"embeddable":true,"href":"https:\/\/all-pets.de\/shop\/wp-json\/wp\/v2\/comments?post=48419"}],"wp:featuredmedia":[{"embeddable":true,"href":"https:\/\/all-pets.de\/shop\/wp-json\/wp\/v2\/media\/48420"}],"wp:attachment":[{"href":"https:\/\/all-pets.de\/shop\/wp-json\/wp\/v2\/media?parent=48419"}],"wp:term":[{"taxonomy":"product_cat","embeddable":true,"href":"https:\/\/all-pets.de\/shop\/wp-json\/wp\/v2\/product_cat?post=48419"},{"taxonomy":"product_tag","embeddable":true,"href":"https:\/\/all-pets.de\/shop\/wp-json\/wp\/v2\/product_tag?post=48419"}],"curies":[{"name":"wp","href":"https:\/\/api.w.org\/{rel}","templated":true}]}}