{"id":48430,"date":"2023-12-12T10:58:08","date_gmt":"2023-12-12T09:58:08","guid":{"rendered":"https:\/\/pet-shopping.de\/shop\/produkt\/country-dog-tiny-clara\/"},"modified":"2023-12-12T10:58:10","modified_gmt":"2023-12-12T09:58:10","slug":"country-dog-tiny-clara","status":"publish","type":"product","link":"https:\/\/all-pets.de\/shop\/produkt\/country-dog-tiny-clara\/","title":{"rendered":"Country Dog Tiny Clara"},"content":{"rendered":"<p><span>Dieses coole Spielzeug ist aus langlebigem und starkem Canvas gefertigt, enth\u00e4lt einen Quietscher und Seil f\u00fcr extra Spielspa\u00df.\u00a0<\/span><\/p>\n<ul>\n<li><span>Langlebig<\/span><\/li>\n<li><span>Doppelt gen\u00e4ht<\/span><\/li>\n<li><span>Extra Schichten<\/span><\/li>\n<li><span>Mit Quietscher<\/span><\/li>\n<li><span>Hergestellt aus recyceltem Kunststoff (2 Plastikflaschen)<br \/><\/span><\/li>\n<\/ul>\n<p><span>Gr\u00f6\u00dfe: ca. 24 cm<\/span><\/p>\n","protected":false},"excerpt":{"rendered":"<p>Dieses coole Spielzeug ist aus langlebigem und starkem Canvas gefertigt, enth\u00e4lt einen Quietscher und Seil f\u00fcr extra Spielspa\u00df.\u00a0 Langlebig Doppelt gen\u00e4ht Extra Schichten Mit Quietscher Hergestellt aus recyceltem Kunststoff (2 Plastikflaschen) Gr\u00f6\u00dfe: ca. 24 cm<\/p>\n","protected":false},"featured_media":48431,"comment_status":"closed","ping_status":"open","template":"","meta":[],"product_cat":[13803],"product_tag":[],"class_list":{"0":"post-48430","1":"product","2":"type-product","3":"status-publish","4":"has-post-thumbnail","6":"product_cat-nachhaltiges-hundespielzeug","8":"first","9":"instock","10":"taxable","11":"shipping-taxable","12":"purchasable","13":"product-type-simple"},"_links":{"self":[{"href":"https:\/\/all-pets.de\/shop\/wp-json\/wp\/v2\/product\/48430","targetHints":{"allow":["GET"]}}],"collection":[{"href":"https:\/\/all-pets.de\/shop\/wp-json\/wp\/v2\/product"}],"about":[{"href":"https:\/\/all-pets.de\/shop\/wp-json\/wp\/v2\/types\/product"}],"replies":[{"embeddable":true,"href":"https:\/\/all-pets.de\/shop\/wp-json\/wp\/v2\/comments?post=48430"}],"wp:featuredmedia":[{"embeddable":true,"href":"https:\/\/all-pets.de\/shop\/wp-json\/wp\/v2\/media\/48431"}],"wp:attachment":[{"href":"https:\/\/all-pets.de\/shop\/wp-json\/wp\/v2\/media?parent=48430"}],"wp:term":[{"taxonomy":"product_cat","embeddable":true,"href":"https:\/\/all-pets.de\/shop\/wp-json\/wp\/v2\/product_cat?post=48430"},{"taxonomy":"product_tag","embeddable":true,"href":"https:\/\/all-pets.de\/shop\/wp-json\/wp\/v2\/product_tag?post=48430"}],"curies":[{"name":"wp","href":"https:\/\/api.w.org\/{rel}","templated":true}]}}