{"id":48436,"date":"2023-12-12T10:58:08","date_gmt":"2023-12-12T09:58:08","guid":{"rendered":"https:\/\/pet-shopping.de\/shop\/produkt\/catit-katzenminze-blaeschen-142-ml\/"},"modified":"2023-12-12T10:58:11","modified_gmt":"2023-12-12T09:58:11","slug":"catit-katzenminze-blaeschen-142-ml","status":"publish","type":"product","link":"https:\/\/all-pets.de\/shop\/produkt\/catit-katzenminze-blaeschen-142-ml\/","title":{"rendered":"Catit Katzenminze-Bl\u00e4schen &#8211; 142 ml"},"content":{"rendered":"<p>Bl\u00e4schen-Mischung mit \u00d6l aus kanadischer Katzenminze<\/p>\n<ul>\n<li>Schau zu, wie deine Katze die Bl\u00e4schen zum Platzen bringt<\/li>\n<li>Inhalt: 142 ml<\/li>\n<\/ul>\n<p><\/p>\n<p>Jede Menge Spa\u00df beim Bl\u00e4schenpusten!<\/p>\n<p>Schwierig zu sagen, wer mehr Spa\u00df hat: die Person, die die Blasen pustet, oder die Katze, die sie platzen l\u00e4sst.<\/p>\n<p>Tauch einfach den Stab in die Flasche und r\u00fchr die Fl\u00fcssigkeit vorsichtig um.<\/p>\n<p>Nimm den Stab heraus und puste die Bl\u00e4schen in Richtung deiner Katze.<\/p><\/p>\n","protected":false},"excerpt":{"rendered":"<p>Bl\u00e4schen-Mischung mit \u00d6l aus kanadischer Katzenminze Schau zu, wie deine Katze die Bl\u00e4schen zum Platzen bringt Inhalt: 142 ml Jede Menge Spa\u00df beim Bl\u00e4schenpusten! Schwierig zu sagen, wer mehr Spa\u00df hat: die Person, die die Blasen pustet, oder die Katze, die sie platzen l\u00e4sst. Tauch einfach den Stab in die Flasche und r\u00fchr die Fl\u00fcssigkeit [&hellip;]<\/p>\n","protected":false},"featured_media":48437,"comment_status":"closed","ping_status":"open","template":"","meta":[],"product_cat":[13702],"product_tag":[],"class_list":{"0":"post-48436","1":"product","2":"type-product","3":"status-publish","4":"has-post-thumbnail","6":"product_cat-catnip-baldrian-spielzeug-katzenspielzeug","8":"first","9":"instock","10":"taxable","11":"shipping-taxable","12":"purchasable","13":"product-type-simple"},"_links":{"self":[{"href":"https:\/\/all-pets.de\/shop\/wp-json\/wp\/v2\/product\/48436","targetHints":{"allow":["GET"]}}],"collection":[{"href":"https:\/\/all-pets.de\/shop\/wp-json\/wp\/v2\/product"}],"about":[{"href":"https:\/\/all-pets.de\/shop\/wp-json\/wp\/v2\/types\/product"}],"replies":[{"embeddable":true,"href":"https:\/\/all-pets.de\/shop\/wp-json\/wp\/v2\/comments?post=48436"}],"wp:featuredmedia":[{"embeddable":true,"href":"https:\/\/all-pets.de\/shop\/wp-json\/wp\/v2\/media\/48437"}],"wp:attachment":[{"href":"https:\/\/all-pets.de\/shop\/wp-json\/wp\/v2\/media?parent=48436"}],"wp:term":[{"taxonomy":"product_cat","embeddable":true,"href":"https:\/\/all-pets.de\/shop\/wp-json\/wp\/v2\/product_cat?post=48436"},{"taxonomy":"product_tag","embeddable":true,"href":"https:\/\/all-pets.de\/shop\/wp-json\/wp\/v2\/product_tag?post=48436"}],"curies":[{"name":"wp","href":"https:\/\/api.w.org\/{rel}","templated":true}]}}