{"id":48445,"date":"2023-12-12T10:58:08","date_gmt":"2023-12-12T09:58:08","guid":{"rendered":"https:\/\/pet-shopping.de\/shop\/produkt\/trixie-xmas-spielangel\/"},"modified":"2023-12-12T10:58:13","modified_gmt":"2023-12-12T09:58:13","slug":"trixie-xmas-spielangel","status":"publish","type":"product","link":"https:\/\/all-pets.de\/shop\/produkt\/trixie-xmas-spielangel\/","title":{"rendered":"Trixie Xmas Spielangel"},"content":{"rendered":"<p>Die Spielangel mit verschiedenen weihnachtlichen Motiven ist mit Catnip best\u00fcckt und hat eine L\u00e4nge von ca. 46 cm.<\/p>\n<p>Sie wird mit Tanne, Ball oder Lebkuchenmann geliefert.<\/p>\n<p>Eine Motivwahl ist leider nicht m\u00f6glich, da die Ausf\u00fchrung je nach Lagerbestand gew\u00e4hlt wird.<\/p>\n","protected":false},"excerpt":{"rendered":"<p>Die Spielangel mit verschiedenen weihnachtlichen Motiven ist mit Catnip best\u00fcckt und hat eine L\u00e4nge von ca. 46 cm. Sie wird mit Tanne, Ball oder Lebkuchenmann geliefert. Eine Motivwahl ist leider nicht m\u00f6glich, da die Ausf\u00fchrung je nach Lagerbestand gew\u00e4hlt wird.<\/p>\n","protected":false},"featured_media":48446,"comment_status":"closed","ping_status":"open","template":"","meta":[],"product_cat":[15067],"product_tag":[],"class_list":{"0":"post-48445","1":"product","2":"type-product","3":"status-publish","4":"has-post-thumbnail","6":"product_cat-katzenspielangeln-co-katzenspielzeug-katzen-x-maskatzenwelt","8":"first","9":"instock","10":"taxable","11":"shipping-taxable","12":"purchasable","13":"product-type-simple"},"_links":{"self":[{"href":"https:\/\/all-pets.de\/shop\/wp-json\/wp\/v2\/product\/48445","targetHints":{"allow":["GET"]}}],"collection":[{"href":"https:\/\/all-pets.de\/shop\/wp-json\/wp\/v2\/product"}],"about":[{"href":"https:\/\/all-pets.de\/shop\/wp-json\/wp\/v2\/types\/product"}],"replies":[{"embeddable":true,"href":"https:\/\/all-pets.de\/shop\/wp-json\/wp\/v2\/comments?post=48445"}],"wp:featuredmedia":[{"embeddable":true,"href":"https:\/\/all-pets.de\/shop\/wp-json\/wp\/v2\/media\/48446"}],"wp:attachment":[{"href":"https:\/\/all-pets.de\/shop\/wp-json\/wp\/v2\/media?parent=48445"}],"wp:term":[{"taxonomy":"product_cat","embeddable":true,"href":"https:\/\/all-pets.de\/shop\/wp-json\/wp\/v2\/product_cat?post=48445"},{"taxonomy":"product_tag","embeddable":true,"href":"https:\/\/all-pets.de\/shop\/wp-json\/wp\/v2\/product_tag?post=48445"}],"curies":[{"name":"wp","href":"https:\/\/api.w.org\/{rel}","templated":true}]}}