{"id":48449,"date":"2023-12-12T10:58:08","date_gmt":"2023-12-12T09:58:08","guid":{"rendered":"https:\/\/pet-shopping.de\/shop\/produkt\/trixie-katzentoilette-vico-mit-motiv-gruen-weiss\/"},"modified":"2023-12-12T10:58:13","modified_gmt":"2023-12-12T09:58:13","slug":"trixie-katzentoilette-vico-mit-motiv-gruen-weiss","status":"publish","type":"product","link":"https:\/\/all-pets.de\/shop\/produkt\/trixie-katzentoilette-vico-mit-motiv-gruen-weiss\/","title":{"rendered":"Trixie Katzentoilette Vico mit Motiv &#8211; gr\u00fcn\/wei\u00df"},"content":{"rendered":"<ul>\n<li>Easy Click-Verschl\u00fcsse<\/li>\n<li>mit Motivdruck<\/li>\n<li>Kunststoff<\/li>\n<li>Ma\u00dfe: ca. 40 \u00d7 40 \u00d7 56 cm<\/li>\n<li>Farbe: gr\u00fcn\/wei\u00df<\/li>\n<\/ul>\n","protected":false},"excerpt":{"rendered":"<p>Easy Click-Verschl\u00fcsse mit Motivdruck Kunststoff Ma\u00dfe: ca. 40 \u00d7 40 \u00d7 56 cm Farbe: gr\u00fcn\/wei\u00df<\/p>\n","protected":false},"featured_media":48450,"comment_status":"closed","ping_status":"open","template":"","meta":[],"product_cat":[13941],"product_tag":[],"class_list":{"0":"post-48449","1":"product","2":"type-product","3":"status-publish","4":"has-post-thumbnail","6":"product_cat-katzentoiletten","8":"first","9":"instock","10":"taxable","11":"shipping-taxable","12":"purchasable","13":"product-type-simple"},"_links":{"self":[{"href":"https:\/\/all-pets.de\/shop\/wp-json\/wp\/v2\/product\/48449","targetHints":{"allow":["GET"]}}],"collection":[{"href":"https:\/\/all-pets.de\/shop\/wp-json\/wp\/v2\/product"}],"about":[{"href":"https:\/\/all-pets.de\/shop\/wp-json\/wp\/v2\/types\/product"}],"replies":[{"embeddable":true,"href":"https:\/\/all-pets.de\/shop\/wp-json\/wp\/v2\/comments?post=48449"}],"wp:featuredmedia":[{"embeddable":true,"href":"https:\/\/all-pets.de\/shop\/wp-json\/wp\/v2\/media\/48450"}],"wp:attachment":[{"href":"https:\/\/all-pets.de\/shop\/wp-json\/wp\/v2\/media?parent=48449"}],"wp:term":[{"taxonomy":"product_cat","embeddable":true,"href":"https:\/\/all-pets.de\/shop\/wp-json\/wp\/v2\/product_cat?post=48449"},{"taxonomy":"product_tag","embeddable":true,"href":"https:\/\/all-pets.de\/shop\/wp-json\/wp\/v2\/product_tag?post=48449"}],"curies":[{"name":"wp","href":"https:\/\/api.w.org\/{rel}","templated":true}]}}