{"id":48456,"date":"2023-12-12T10:58:08","date_gmt":"2023-12-12T09:58:08","guid":{"rendered":"https:\/\/pet-shopping.de\/shop\/produkt\/trixie-be-eco-transportbox-capri-2\/"},"modified":"2023-12-12T10:58:15","modified_gmt":"2023-12-12T09:58:15","slug":"trixie-be-eco-transportbox-capri-2","status":"publish","type":"product","link":"https:\/\/all-pets.de\/shop\/produkt\/trixie-be-eco-transportbox-capri-2\/","title":{"rendered":"Trixie Be Eco Transportbox Capri 2"},"content":{"rendered":"<ul>\n<li>nachhaltig durch recycelten Kunststoff<\/li>\n<li>mit Tragegriff<\/li>\n<li>Capri 2 \/ XS-S &#8211; Ma\u00dfe: ca. 37 \u00d7 34 \u00d7 55 cm<\/li>\n<li>f\u00fcr Tiere bis zu 8 kg K\u00f6rpergewicht<\/li>\n<li>Farbe: anthrazit\/grau-gr\u00fcn<\/li>\n<\/ul>\n","protected":false},"excerpt":{"rendered":"<p>nachhaltig durch recycelten Kunststoff mit Tragegriff Capri 2 \/ XS-S &#8211; Ma\u00dfe: ca. 37 \u00d7 34 \u00d7 55 cm f\u00fcr Tiere bis zu 8 kg K\u00f6rpergewicht Farbe: anthrazit\/grau-gr\u00fcn<\/p>\n","protected":false},"featured_media":48457,"comment_status":"closed","ping_status":"open","template":"","meta":[],"product_cat":[15072],"product_tag":[],"class_list":{"0":"post-48456","1":"product","2":"type-product","3":"status-publish","4":"has-post-thumbnail","6":"product_cat-nachhaltige-transportboxen","8":"first","9":"instock","10":"taxable","11":"shipping-taxable","12":"purchasable","13":"product-type-simple"},"_links":{"self":[{"href":"https:\/\/all-pets.de\/shop\/wp-json\/wp\/v2\/product\/48456","targetHints":{"allow":["GET"]}}],"collection":[{"href":"https:\/\/all-pets.de\/shop\/wp-json\/wp\/v2\/product"}],"about":[{"href":"https:\/\/all-pets.de\/shop\/wp-json\/wp\/v2\/types\/product"}],"replies":[{"embeddable":true,"href":"https:\/\/all-pets.de\/shop\/wp-json\/wp\/v2\/comments?post=48456"}],"wp:featuredmedia":[{"embeddable":true,"href":"https:\/\/all-pets.de\/shop\/wp-json\/wp\/v2\/media\/48457"}],"wp:attachment":[{"href":"https:\/\/all-pets.de\/shop\/wp-json\/wp\/v2\/media?parent=48456"}],"wp:term":[{"taxonomy":"product_cat","embeddable":true,"href":"https:\/\/all-pets.de\/shop\/wp-json\/wp\/v2\/product_cat?post=48456"},{"taxonomy":"product_tag","embeddable":true,"href":"https:\/\/all-pets.de\/shop\/wp-json\/wp\/v2\/product_tag?post=48456"}],"curies":[{"name":"wp","href":"https:\/\/api.w.org\/{rel}","templated":true}]}}