{"id":48460,"date":"2023-12-12T10:58:08","date_gmt":"2023-12-12T09:58:08","guid":{"rendered":"https:\/\/pet-shopping.de\/shop\/produkt\/trixie-keramiknapf-fuer-kaninchen\/"},"modified":"2023-12-12T10:58:16","modified_gmt":"2023-12-12T09:58:16","slug":"trixie-keramiknapf-fuer-kaninchen","status":"publish","type":"product","link":"https:\/\/all-pets.de\/shop\/produkt\/trixie-keramiknapf-fuer-kaninchen\/","title":{"rendered":"Trixie Keramiknapf f\u00fcr Kaninchen"},"content":{"rendered":"<ul>\n<li>Keramiknapf mit Kaninchenmotiv<\/li>\n<li>sp\u00fclmaschinengeeignet<\/li>\n<li>Fassungsverm\u00f6gen: ca. 250 ml<\/li>\n<li>Durchmesser: ca. 11 cm<\/li>\n<\/ul>\n<div>Diverse Farben. Eine Farbwahl ist leider nicht m\u00f6glich, da die Farbe je nach Lagerbestand gew\u00e4hlt wird.<br \/>M\u00f6gliche Farben sind: hellgrau\/dunkelgrau, grau\/lachs, grau\/t\u00fcrkis, grau\/gr\u00fcn.<\/div>\n","protected":false},"excerpt":{"rendered":"<p>Keramiknapf mit Kaninchenmotiv sp\u00fclmaschinengeeignet Fassungsverm\u00f6gen: ca. 250 ml Durchmesser: ca. 11 cm Diverse Farben. Eine Farbwahl ist leider nicht m\u00f6glich, da die Farbe je nach Lagerbestand gew\u00e4hlt wird.M\u00f6gliche Farben sind: hellgrau\/dunkelgrau, grau\/lachs, grau\/t\u00fcrkis, grau\/gr\u00fcn.<\/p>\n","protected":false},"featured_media":48461,"comment_status":"closed","ping_status":"open","template":"","meta":[],"product_cat":[13764],"product_tag":[],"class_list":{"0":"post-48460","1":"product","2":"type-product","3":"status-publish","4":"has-post-thumbnail","6":"product_cat-kleintiernaepfe","8":"first","9":"instock","10":"taxable","11":"shipping-taxable","12":"purchasable","13":"product-type-simple"},"_links":{"self":[{"href":"https:\/\/all-pets.de\/shop\/wp-json\/wp\/v2\/product\/48460","targetHints":{"allow":["GET"]}}],"collection":[{"href":"https:\/\/all-pets.de\/shop\/wp-json\/wp\/v2\/product"}],"about":[{"href":"https:\/\/all-pets.de\/shop\/wp-json\/wp\/v2\/types\/product"}],"replies":[{"embeddable":true,"href":"https:\/\/all-pets.de\/shop\/wp-json\/wp\/v2\/comments?post=48460"}],"wp:featuredmedia":[{"embeddable":true,"href":"https:\/\/all-pets.de\/shop\/wp-json\/wp\/v2\/media\/48461"}],"wp:attachment":[{"href":"https:\/\/all-pets.de\/shop\/wp-json\/wp\/v2\/media?parent=48460"}],"wp:term":[{"taxonomy":"product_cat","embeddable":true,"href":"https:\/\/all-pets.de\/shop\/wp-json\/wp\/v2\/product_cat?post=48460"},{"taxonomy":"product_tag","embeddable":true,"href":"https:\/\/all-pets.de\/shop\/wp-json\/wp\/v2\/product_tag?post=48460"}],"curies":[{"name":"wp","href":"https:\/\/api.w.org\/{rel}","templated":true}]}}