{"id":48473,"date":"2023-12-12T10:58:08","date_gmt":"2023-12-12T09:58:08","guid":{"rendered":"https:\/\/pet-shopping.de\/shop\/produkt\/country-dog-tiny-buddy\/"},"modified":"2023-12-12T10:58:18","modified_gmt":"2023-12-12T09:58:18","slug":"country-dog-tiny-buddy","status":"publish","type":"product","link":"https:\/\/all-pets.de\/shop\/produkt\/country-dog-tiny-buddy\/","title":{"rendered":"Country Dog Tiny Buddy"},"content":{"rendered":"<p><span>Dieses coole Spielzeug ist aus langlebigem und starkem Canvas gefertigt und enth\u00e4lt einen Quietscher f\u00fcr extra Spielspa\u00df.\u00a0<\/span><\/p>\n<ul>\n<li>\n<p><span>Langlebig<\/span><\/p>\n<\/li>\n<li>\n<p><span>Doppelt gen\u00e4ht<\/span><\/p>\n<\/li>\n<li>\n<p><span>Extra Schichten<\/span><\/p>\n<\/li>\n<li>\n<p><span>Mit Quietscher<\/span><\/p>\n<\/li>\n<li>\n<p><span>Hergestellt aus recyceltem Kunststoff<\/span><\/p>\n<\/li>\n<\/ul>\n<p><span>Gr\u00f6\u00dfe: ca. 31 x 16 cm<\/span><\/p>\n","protected":false},"excerpt":{"rendered":"<p>Dieses coole Spielzeug ist aus langlebigem und starkem Canvas gefertigt und enth\u00e4lt einen Quietscher f\u00fcr extra Spielspa\u00df.\u00a0 Langlebig Doppelt gen\u00e4ht Extra Schichten Mit Quietscher Hergestellt aus recyceltem Kunststoff Gr\u00f6\u00dfe: ca. 31 x 16 cm<\/p>\n","protected":false},"featured_media":48474,"comment_status":"closed","ping_status":"open","template":"","meta":[],"product_cat":[13803],"product_tag":[],"class_list":{"0":"post-48473","1":"product","2":"type-product","3":"status-publish","4":"has-post-thumbnail","6":"product_cat-nachhaltiges-hundespielzeug","8":"first","9":"instock","10":"taxable","11":"shipping-taxable","12":"purchasable","13":"product-type-simple"},"_links":{"self":[{"href":"https:\/\/all-pets.de\/shop\/wp-json\/wp\/v2\/product\/48473","targetHints":{"allow":["GET"]}}],"collection":[{"href":"https:\/\/all-pets.de\/shop\/wp-json\/wp\/v2\/product"}],"about":[{"href":"https:\/\/all-pets.de\/shop\/wp-json\/wp\/v2\/types\/product"}],"replies":[{"embeddable":true,"href":"https:\/\/all-pets.de\/shop\/wp-json\/wp\/v2\/comments?post=48473"}],"wp:featuredmedia":[{"embeddable":true,"href":"https:\/\/all-pets.de\/shop\/wp-json\/wp\/v2\/media\/48474"}],"wp:attachment":[{"href":"https:\/\/all-pets.de\/shop\/wp-json\/wp\/v2\/media?parent=48473"}],"wp:term":[{"taxonomy":"product_cat","embeddable":true,"href":"https:\/\/all-pets.de\/shop\/wp-json\/wp\/v2\/product_cat?post=48473"},{"taxonomy":"product_tag","embeddable":true,"href":"https:\/\/all-pets.de\/shop\/wp-json\/wp\/v2\/product_tag?post=48473"}],"curies":[{"name":"wp","href":"https:\/\/api.w.org\/{rel}","templated":true}]}}