{"id":48500,"date":"2023-12-12T10:58:20","date_gmt":"2023-12-12T09:58:20","guid":{"rendered":"https:\/\/pet-shopping.de\/shop\/produkt\/trixie-handtuch-mit-handlaschen\/"},"modified":"2023-12-12T10:58:24","modified_gmt":"2023-12-12T09:58:24","slug":"trixie-handtuch-mit-handlaschen","status":"publish","type":"product","link":"https:\/\/all-pets.de\/shop\/produkt\/trixie-handtuch-mit-handlaschen\/","title":{"rendered":"Trixie Handtuch mit Handlaschen"},"content":{"rendered":"<ul>\n<li>Mikrofaser (Polyester)<\/li>\n<li>extra lange Mikrofasern f\u00fcr gute Feuchtigkeits- und Schmutzaufnahme<\/li>\n<li>zwei praktische Eingriffstaschen gew\u00e4hrleisten einen sicheren Halt und hohen Tragekomfort<\/li>\n<li>schnell trocknend und sehr saugf\u00e4hig<\/li>\n<li>Ma\u00dfe: ca. 78 x 32 cm<\/li>\n<li>Farbe: grau<\/li>\n<\/ul>\n","protected":false},"excerpt":{"rendered":"<p>Mikrofaser (Polyester) extra lange Mikrofasern f\u00fcr gute Feuchtigkeits- und Schmutzaufnahme zwei praktische Eingriffstaschen gew\u00e4hrleisten einen sicheren Halt und hohen Tragekomfort schnell trocknend und sehr saugf\u00e4hig Ma\u00dfe: ca. 78 x 32 cm Farbe: grau<\/p>\n","protected":false},"featured_media":48501,"comment_status":"closed","ping_status":"open","template":"","meta":[],"product_cat":[15078],"product_tag":[],"class_list":{"0":"post-48500","1":"product","2":"type-product","3":"status-publish","4":"has-post-thumbnail","6":"product_cat-reinigen-trocknen-fellpflege-pflege-gesundheit-hundewelt","8":"first","9":"instock","10":"taxable","11":"shipping-taxable","12":"purchasable","13":"product-type-simple"},"_links":{"self":[{"href":"https:\/\/all-pets.de\/shop\/wp-json\/wp\/v2\/product\/48500","targetHints":{"allow":["GET"]}}],"collection":[{"href":"https:\/\/all-pets.de\/shop\/wp-json\/wp\/v2\/product"}],"about":[{"href":"https:\/\/all-pets.de\/shop\/wp-json\/wp\/v2\/types\/product"}],"replies":[{"embeddable":true,"href":"https:\/\/all-pets.de\/shop\/wp-json\/wp\/v2\/comments?post=48500"}],"wp:featuredmedia":[{"embeddable":true,"href":"https:\/\/all-pets.de\/shop\/wp-json\/wp\/v2\/media\/48501"}],"wp:attachment":[{"href":"https:\/\/all-pets.de\/shop\/wp-json\/wp\/v2\/media?parent=48500"}],"wp:term":[{"taxonomy":"product_cat","embeddable":true,"href":"https:\/\/all-pets.de\/shop\/wp-json\/wp\/v2\/product_cat?post=48500"},{"taxonomy":"product_tag","embeddable":true,"href":"https:\/\/all-pets.de\/shop\/wp-json\/wp\/v2\/product_tag?post=48500"}],"curies":[{"name":"wp","href":"https:\/\/api.w.org\/{rel}","templated":true}]}}