{"id":48504,"date":"2023-12-12T10:58:20","date_gmt":"2023-12-12T09:58:20","guid":{"rendered":"https:\/\/pet-shopping.de\/shop\/produkt\/catit-pixi-trinkbrunnen-mit-edelstahleinsatz\/"},"modified":"2023-12-12T10:58:25","modified_gmt":"2023-12-12T09:58:25","slug":"catit-pixi-trinkbrunnen-mit-edelstahleinsatz","status":"publish","type":"product","link":"https:\/\/all-pets.de\/shop\/produkt\/catit-pixi-trinkbrunnen-mit-edelstahleinsatz\/","title":{"rendered":"Catit PIXI Trinkbrunnen mit Edelstahleinsatz"},"content":{"rendered":"<p class=\"p1\"><strong><span class=\"s1\">2,5-Liter-Trinkbrunnen mit hygienischem Edelstahl-Top<\/span><\/strong><\/p>\n<ul>\n<li>Regt w\u00e4hlerische Katzen dank der ergonomischen Trinkoptionen zum Trinken an<\/li>\n<li>Der Trinkbrunnenfilter enth\u00e4rtet das Wasser und entfernt Verunreinigungen<\/li>\n<li>LED-Statusanzeige und automatische Abschaltung<\/li>\n<li>Leise Pumpe<\/li>\n<li>Hochwertiger, sp\u00fclmaschinengeeigneter Edelstahleinsatz<\/li>\n<\/ul>\n<div>Wasserversorgung in ihrer sch\u00f6nsten Form<br \/>Der Catit PIXI Trinkbrunnen mit Edelstahleinsatz versorgt deine Katze kontinuierlich mit frischem, sauberem Wasser. Flie\u00dfendes Wasser regt Katzen dazu an, mehr zu trinken, was dazu beitr\u00e4gt, Harnwegserkrankungen vorzubeugen. Die hygienische und hochwertige Edelstahlabdeckung des Trinkbrunnens reduziert das Risiko von Kinnakne bei Katzen.<\/p>\n<p>Dreifach wirksame Filterung<br \/>Der enthaltene Filter entfernt Schmutzpartikel, Ger\u00fcche und Verunreinigungen aus dem Trinkwasser deiner Katze. Au\u00dferdem enth\u00e4rtet er das Wasser, indem er den Magnesium- und Kalziumgehalt im Wasser reduziert.<\/p>\n<p>Ein Blick auf PIXIs Nase und du wei\u00dft Bescheid:<br \/>Wei\u00df: Nachtlicht<br \/>Rot blinkend: Zeit zum Nachf\u00fcllen des Wassers<br \/>Rot: Kein Wasser  automatische Abschaltung<\/p>\n<p>Ergonomische Trinkoptionen f\u00fcr maximalen Komfort<br \/>Der PIXI Trinkbrunnen mit Edelstahleinsatz erm\u00f6glicht es deiner Katze bequem zu trinken, ohne dass sie ihren Kopf komisch abknicken muss. Stecke einfach den D\u00fcsenkopf auf, um einen bogenf\u00f6rmigen Wasserstrom zu erzeugen.<\/p>\n<p>Schnurrhaarfreundliche Trinkoberfl\u00e4che<\/p>\n<p>Deine Katze kann trinken, auch wenn der Trinkbrunnen ausgeschaltet ist<\/p>\n<p>So leise wie ein M\u00e4uschen<br \/>Da die Trinkbrunnenpumpe im Reservoir aufgeh\u00e4ngt ist, l\u00e4uft sie superleise.<\/p>\n<p>Ma\u00dfe: ca. 20,5 x 20,5 x 17 cm<br \/>Kapazit\u00e4t des Reservoirs: 2,5L<\/p>\n<p>USB-Anschluss mit DC 5V 1A<br \/>Adapter < 1 W<\/div>\n","protected":false},"excerpt":{"rendered":"<p>2,5-Liter-Trinkbrunnen mit hygienischem Edelstahl-Top Regt w\u00e4hlerische Katzen dank der ergonomischen Trinkoptionen zum Trinken an Der Trinkbrunnenfilter enth\u00e4rtet das Wasser und entfernt Verunreinigungen LED-Statusanzeige und automatische Abschaltung Leise Pumpe Hochwertiger, sp\u00fclmaschinengeeigneter Edelstahleinsatz Wasserversorgung in ihrer sch\u00f6nsten FormDer Catit PIXI Trinkbrunnen mit Edelstahleinsatz versorgt deine Katze kontinuierlich mit frischem, sauberem Wasser. Flie\u00dfendes Wasser regt Katzen dazu an, [&hellip;]<\/p>\n","protected":false},"featured_media":48505,"comment_status":"closed","ping_status":"open","template":"","meta":[],"product_cat":[13880],"product_tag":[],"class_list":{"0":"post-48504","1":"product","2":"type-product","3":"status-publish","4":"has-post-thumbnail","6":"product_cat-katzentraenken-trinkbrunnen-katzennaepfe-traenken","8":"first","9":"instock","10":"taxable","11":"shipping-taxable","12":"purchasable","13":"product-type-simple"},"_links":{"self":[{"href":"https:\/\/all-pets.de\/shop\/wp-json\/wp\/v2\/product\/48504","targetHints":{"allow":["GET"]}}],"collection":[{"href":"https:\/\/all-pets.de\/shop\/wp-json\/wp\/v2\/product"}],"about":[{"href":"https:\/\/all-pets.de\/shop\/wp-json\/wp\/v2\/types\/product"}],"replies":[{"embeddable":true,"href":"https:\/\/all-pets.de\/shop\/wp-json\/wp\/v2\/comments?post=48504"}],"wp:featuredmedia":[{"embeddable":true,"href":"https:\/\/all-pets.de\/shop\/wp-json\/wp\/v2\/media\/48505"}],"wp:attachment":[{"href":"https:\/\/all-pets.de\/shop\/wp-json\/wp\/v2\/media?parent=48504"}],"wp:term":[{"taxonomy":"product_cat","embeddable":true,"href":"https:\/\/all-pets.de\/shop\/wp-json\/wp\/v2\/product_cat?post=48504"},{"taxonomy":"product_tag","embeddable":true,"href":"https:\/\/all-pets.de\/shop\/wp-json\/wp\/v2\/product_tag?post=48504"}],"curies":[{"name":"wp","href":"https:\/\/api.w.org\/{rel}","templated":true}]}}