{"id":48524,"date":"2023-12-12T10:58:29","date_gmt":"2023-12-12T09:58:29","guid":{"rendered":"https:\/\/pet-shopping.de\/shop\/produkt\/jw-megalast-glow-bear-medium\/"},"modified":"2023-12-12T10:58:29","modified_gmt":"2023-12-12T09:58:29","slug":"jw-megalast-glow-bear-medium","status":"publish","type":"product","link":"https:\/\/all-pets.de\/shop\/produkt\/jw-megalast-glow-bear-medium\/","title":{"rendered":"JW Megalast Glow Bear Medium"},"content":{"rendered":"<p><span>Gefertigt aus dauerhaftem GLOW IN THE DARK Kautschuk.<\/p>\n<p>Dieser B\u00e4r leuchtet im Dunkeln, so geht das Spielen abends einfach weiter! Der Quietscher innendrin sorgt f\u00fcr noch mehr Spielvergn\u00fcgen. Wegen seinerspeziellen Formgebung und des elastischen Kautschuks springt dieser B\u00e4r in alle Richtungen.<\/p>\n<p>Verf\u00fcgt \u00fcber einen herrlichen Vanilleduft.<\/p>\n<p>Gr\u00f6\u00dfe: ca. 9,5 cm<\/span><\/p>\n","protected":false},"excerpt":{"rendered":"<p>Gefertigt aus dauerhaftem GLOW IN THE DARK Kautschuk. Dieser B\u00e4r leuchtet im Dunkeln, so geht das Spielen abends einfach weiter! Der Quietscher innendrin sorgt f\u00fcr noch mehr Spielvergn\u00fcgen. Wegen seinerspeziellen Formgebung und des elastischen Kautschuks springt dieser B\u00e4r in alle Richtungen. Verf\u00fcgt \u00fcber einen herrlichen Vanilleduft. Gr\u00f6\u00dfe: ca. 9,5 cm<\/p>\n","protected":false},"featured_media":48525,"comment_status":"closed","ping_status":"open","template":"","meta":[],"product_cat":[15079],"product_tag":[],"class_list":{"0":"post-48524","1":"product","2":"type-product","3":"status-publish","4":"has-post-thumbnail","6":"product_cat-squeeker-hundespielzeug-sport-leuchtspielzeughundewelt","8":"first","9":"instock","10":"taxable","11":"shipping-taxable","12":"purchasable","13":"product-type-simple"},"_links":{"self":[{"href":"https:\/\/all-pets.de\/shop\/wp-json\/wp\/v2\/product\/48524","targetHints":{"allow":["GET"]}}],"collection":[{"href":"https:\/\/all-pets.de\/shop\/wp-json\/wp\/v2\/product"}],"about":[{"href":"https:\/\/all-pets.de\/shop\/wp-json\/wp\/v2\/types\/product"}],"replies":[{"embeddable":true,"href":"https:\/\/all-pets.de\/shop\/wp-json\/wp\/v2\/comments?post=48524"}],"wp:featuredmedia":[{"embeddable":true,"href":"https:\/\/all-pets.de\/shop\/wp-json\/wp\/v2\/media\/48525"}],"wp:attachment":[{"href":"https:\/\/all-pets.de\/shop\/wp-json\/wp\/v2\/media?parent=48524"}],"wp:term":[{"taxonomy":"product_cat","embeddable":true,"href":"https:\/\/all-pets.de\/shop\/wp-json\/wp\/v2\/product_cat?post=48524"},{"taxonomy":"product_tag","embeddable":true,"href":"https:\/\/all-pets.de\/shop\/wp-json\/wp\/v2\/product_tag?post=48524"}],"curies":[{"name":"wp","href":"https:\/\/api.w.org\/{rel}","templated":true}]}}