{"id":48527,"date":"2023-12-12T10:58:29","date_gmt":"2023-12-12T09:58:29","guid":{"rendered":"https:\/\/pet-shopping.de\/shop\/produkt\/gimcat-kitten-sticks-truthahn-3-stueck\/"},"modified":"2023-12-12T10:58:30","modified_gmt":"2023-12-12T09:58:30","slug":"gimcat-kitten-sticks-truthahn-3-stueck","status":"publish","type":"product","link":"https:\/\/all-pets.de\/shop\/produkt\/gimcat-kitten-sticks-truthahn-3-stueck\/","title":{"rendered":"GimCat Kitten-Sticks Truthahn &#8211; 3 St\u00fcck"},"content":{"rendered":"<p>GimCat Kitten Sticks haben einen hohen Fleischanteil und enthalten viel Calcium. Calcium ist wichtig f\u00fcr Knochen-, Skelett- und Zahnbildung. GimCat Kitten Sticks- der perfekte Kau- und Knabberspa\u00df f\u00fcr Zwischendurch.<\/p>\n<p>Inhaltsstoffe:<\/p>\n<p>Zusammensetzung: Fleisch und tierische Nebenerzeugnisse (93%, davon 32 % vom Truthahn), Mineralstoffe <\/p>\n<p>Analytische Bestandteile: Protein 36,0 % Fettgehalt 23,0 % Rohfaser 1,5 % Rohasche 8,5 % Feuchtigkeit 27,0 % Calcium 1,3 % <\/p>\n<p>Zusatzstoffe: Vit. D3 500 I.E. Vit. E 5 mg Taurin 1000mg <\/p>\n<p>Mit Konservierungsmitteln und Antioxidationsmitteln.<\/p>\n<p>F\u00fctterungsempfehlung:<\/p>\n<p>F\u00fcr Katzenkinder ab dem 4. Monat 0,5 &#8211; 1 Stick pro Tag.. Bitte stets frisches Wasser zur Verf\u00fcgung stellen.<\/p>\n","protected":false},"excerpt":{"rendered":"<p>GimCat Kitten Sticks haben einen hohen Fleischanteil und enthalten viel Calcium. Calcium ist wichtig f\u00fcr Knochen-, Skelett- und Zahnbildung. GimCat Kitten Sticks- der perfekte Kau- und Knabberspa\u00df f\u00fcr Zwischendurch. Inhaltsstoffe: Zusammensetzung: Fleisch und tierische Nebenerzeugnisse (93%, davon 32 % vom Truthahn), Mineralstoffe Analytische Bestandteile: Protein 36,0 % Fettgehalt 23,0 % Rohfaser 1,5 % Rohasche 8,5 [&hellip;]<\/p>\n","protected":false},"featured_media":48528,"comment_status":"closed","ping_status":"open","template":"","meta":[],"product_cat":[13785],"product_tag":[],"class_list":{"0":"post-48527","1":"product","2":"type-product","3":"status-publish","4":"has-post-thumbnail","6":"product_cat-gimcat","8":"first","9":"instock","10":"taxable","11":"shipping-taxable","12":"purchasable","13":"product-type-simple"},"_links":{"self":[{"href":"https:\/\/all-pets.de\/shop\/wp-json\/wp\/v2\/product\/48527","targetHints":{"allow":["GET"]}}],"collection":[{"href":"https:\/\/all-pets.de\/shop\/wp-json\/wp\/v2\/product"}],"about":[{"href":"https:\/\/all-pets.de\/shop\/wp-json\/wp\/v2\/types\/product"}],"replies":[{"embeddable":true,"href":"https:\/\/all-pets.de\/shop\/wp-json\/wp\/v2\/comments?post=48527"}],"wp:featuredmedia":[{"embeddable":true,"href":"https:\/\/all-pets.de\/shop\/wp-json\/wp\/v2\/media\/48528"}],"wp:attachment":[{"href":"https:\/\/all-pets.de\/shop\/wp-json\/wp\/v2\/media?parent=48527"}],"wp:term":[{"taxonomy":"product_cat","embeddable":true,"href":"https:\/\/all-pets.de\/shop\/wp-json\/wp\/v2\/product_cat?post=48527"},{"taxonomy":"product_tag","embeddable":true,"href":"https:\/\/all-pets.de\/shop\/wp-json\/wp\/v2\/product_tag?post=48527"}],"curies":[{"name":"wp","href":"https:\/\/api.w.org\/{rel}","templated":true}]}}