{"id":48537,"date":"2023-12-12T10:58:29","date_gmt":"2023-12-12T09:58:29","guid":{"rendered":"https:\/\/pet-shopping.de\/shop\/produkt\/procyon-katzenspielmaus-10-cm\/"},"modified":"2023-12-12T10:58:32","modified_gmt":"2023-12-12T09:58:32","slug":"procyon-katzenspielmaus-10-cm","status":"publish","type":"product","link":"https:\/\/all-pets.de\/shop\/produkt\/procyon-katzenspielmaus-10-cm\/","title":{"rendered":"Procyon Katzenspielmaus &#8211; 10 cm"},"content":{"rendered":"<p>Die s\u00fc\u00dfe Katzenspielmaus bringt mit Ihrer stattlichen Gr\u00f6\u00dfe von ca. 10 cm ohne Schwanz gemessen bzw. ca. 24 cm inkl. Schwanz jede Menge Spielspa\u00df ins Katzenleben.<\/p>\n","protected":false},"excerpt":{"rendered":"<p>Die s\u00fc\u00dfe Katzenspielmaus bringt mit Ihrer stattlichen Gr\u00f6\u00dfe von ca. 10 cm ohne Schwanz gemessen bzw. ca. 24 cm inkl. Schwanz jede Menge Spielspa\u00df ins Katzenleben.<\/p>\n","protected":false},"featured_media":48538,"comment_status":"closed","ping_status":"open","template":"","meta":[],"product_cat":[13752],"product_tag":[],"class_list":{"0":"post-48537","1":"product","2":"type-product","3":"status-publish","4":"has-post-thumbnail","6":"product_cat-katzenspielmaeuse-katzenspielzeug","8":"first","9":"instock","10":"taxable","11":"shipping-taxable","12":"purchasable","13":"product-type-simple"},"_links":{"self":[{"href":"https:\/\/all-pets.de\/shop\/wp-json\/wp\/v2\/product\/48537","targetHints":{"allow":["GET"]}}],"collection":[{"href":"https:\/\/all-pets.de\/shop\/wp-json\/wp\/v2\/product"}],"about":[{"href":"https:\/\/all-pets.de\/shop\/wp-json\/wp\/v2\/types\/product"}],"replies":[{"embeddable":true,"href":"https:\/\/all-pets.de\/shop\/wp-json\/wp\/v2\/comments?post=48537"}],"wp:featuredmedia":[{"embeddable":true,"href":"https:\/\/all-pets.de\/shop\/wp-json\/wp\/v2\/media\/48538"}],"wp:attachment":[{"href":"https:\/\/all-pets.de\/shop\/wp-json\/wp\/v2\/media?parent=48537"}],"wp:term":[{"taxonomy":"product_cat","embeddable":true,"href":"https:\/\/all-pets.de\/shop\/wp-json\/wp\/v2\/product_cat?post=48537"},{"taxonomy":"product_tag","embeddable":true,"href":"https:\/\/all-pets.de\/shop\/wp-json\/wp\/v2\/product_tag?post=48537"}],"curies":[{"name":"wp","href":"https:\/\/api.w.org\/{rel}","templated":true}]}}