{"id":48556,"date":"2023-12-12T10:58:29","date_gmt":"2023-12-12T09:58:29","guid":{"rendered":"https:\/\/pet-shopping.de\/shop\/produkt\/karlie-vinylspielzeug-macaron\/"},"modified":"2024-10-26T09:28:00","modified_gmt":"2024-10-26T07:28:00","slug":"karlie-vinylspielzeug-macaron","status":"publish","type":"product","link":"https:\/\/all-pets.de\/shop\/produkt\/karlie-vinylspielzeug-macaron\/","title":{"rendered":"Karlie Vinylspielzeug Macaron"},"content":{"rendered":"<p>Das farbenfrohe Vinylspielzeug in Form von Macarons ist ein tolles Wurf- und Apportierspielzeug. <\/p>\n<p>Diverse Farben. Eine Farbwahl ist leider nicht m\u00f6glich, da die Farbe je nach Lagerbestand gew\u00e4hlt wird.<\/p>\n<p>Gr\u00f6\u00dfe: ca. 7 cm<br \/>1 St\u00fcck<\/p>\n","protected":false},"excerpt":{"rendered":"<p>Das farbenfrohe Vinylspielzeug in Form von Macarons ist ein tolles Wurf- und Apportierspielzeug. Diverse Farben. Eine Farbwahl ist leider nicht m\u00f6glich, da die Farbe je nach Lagerbestand gew\u00e4hlt wird. Gr\u00f6\u00dfe: ca. 7 cm1 St\u00fcck<\/p>\n","protected":false},"featured_media":48557,"comment_status":"closed","ping_status":"open","template":"","meta":[],"product_cat":[15081],"product_tag":[],"class_list":{"0":"post-48556","1":"product","2":"type-product","3":"status-publish","4":"has-post-thumbnail","6":"product_cat-weitere-spielzeuge-hundespielzeug-sport-funspielzeugehundewelt","8":"first","9":"instock","10":"taxable","11":"shipping-taxable","12":"purchasable","13":"product-type-simple"},"_links":{"self":[{"href":"https:\/\/all-pets.de\/shop\/wp-json\/wp\/v2\/product\/48556","targetHints":{"allow":["GET"]}}],"collection":[{"href":"https:\/\/all-pets.de\/shop\/wp-json\/wp\/v2\/product"}],"about":[{"href":"https:\/\/all-pets.de\/shop\/wp-json\/wp\/v2\/types\/product"}],"replies":[{"embeddable":true,"href":"https:\/\/all-pets.de\/shop\/wp-json\/wp\/v2\/comments?post=48556"}],"wp:featuredmedia":[{"embeddable":true,"href":"https:\/\/all-pets.de\/shop\/wp-json\/wp\/v2\/media\/48557"}],"wp:attachment":[{"href":"https:\/\/all-pets.de\/shop\/wp-json\/wp\/v2\/media?parent=48556"}],"wp:term":[{"taxonomy":"product_cat","embeddable":true,"href":"https:\/\/all-pets.de\/shop\/wp-json\/wp\/v2\/product_cat?post=48556"},{"taxonomy":"product_tag","embeddable":true,"href":"https:\/\/all-pets.de\/shop\/wp-json\/wp\/v2\/product_tag?post=48556"}],"curies":[{"name":"wp","href":"https:\/\/api.w.org\/{rel}","templated":true}]}}