{"id":48563,"date":"2023-12-12T10:58:29","date_gmt":"2023-12-12T09:58:29","guid":{"rendered":"https:\/\/pet-shopping.de\/shop\/produkt\/procyon-donut-schnueffelmatte\/"},"modified":"2023-12-12T10:58:37","modified_gmt":"2023-12-12T09:58:37","slug":"procyon-donut-schnueffelmatte","status":"publish","type":"product","link":"https:\/\/all-pets.de\/shop\/produkt\/procyon-donut-schnueffelmatte\/","title":{"rendered":"Procyon Donut Schn\u00fcffelmatte"},"content":{"rendered":"<p>Die Schn\u00fcffelmatte ist genial, um deinen Hund spielerisch zu besch\u00e4ftigen, seine Konzentration zu f\u00f6rdern, Nasenarbeit und Kopfarbeit zu kombinieren, und vorallem dabei richtig Spa\u00df zu haben.<\/p>\n<p>10 Minuten Schn\u00fcffeltraining entspricht einer Stunde Laufen.<\/p>\n<p>&#8211; Robust und langlebig &#8211; aus hochwertig dickem Vlies<br \/>&#8211; Antirutschbelag mit extra Saugn\u00e4pfen<br \/>&#8211; Einfach zu verstauen und zu tragen<br \/>&#8211; Maschinenwaschbar<br \/>&#8211; Durchmesser: ca. 40 cm<\/p>\n","protected":false},"excerpt":{"rendered":"<p>Die Schn\u00fcffelmatte ist genial, um deinen Hund spielerisch zu besch\u00e4ftigen, seine Konzentration zu f\u00f6rdern, Nasenarbeit und Kopfarbeit zu kombinieren, und vorallem dabei richtig Spa\u00df zu haben. 10 Minuten Schn\u00fcffeltraining entspricht einer Stunde Laufen. &#8211; Robust und langlebig &#8211; aus hochwertig dickem Vlies&#8211; Antirutschbelag mit extra Saugn\u00e4pfen&#8211; Einfach zu verstauen und zu tragen&#8211; Maschinenwaschbar&#8211; Durchmesser: ca. [&hellip;]<\/p>\n","protected":false},"featured_media":48564,"comment_status":"closed","ping_status":"open","template":"","meta":[],"product_cat":[13793],"product_tag":[],"class_list":{"0":"post-48563","1":"product","2":"type-product","3":"status-publish","4":"has-post-thumbnail","6":"product_cat-intelligenz","8":"first","9":"instock","10":"taxable","11":"shipping-taxable","12":"purchasable","13":"product-type-simple"},"_links":{"self":[{"href":"https:\/\/all-pets.de\/shop\/wp-json\/wp\/v2\/product\/48563","targetHints":{"allow":["GET"]}}],"collection":[{"href":"https:\/\/all-pets.de\/shop\/wp-json\/wp\/v2\/product"}],"about":[{"href":"https:\/\/all-pets.de\/shop\/wp-json\/wp\/v2\/types\/product"}],"replies":[{"embeddable":true,"href":"https:\/\/all-pets.de\/shop\/wp-json\/wp\/v2\/comments?post=48563"}],"wp:featuredmedia":[{"embeddable":true,"href":"https:\/\/all-pets.de\/shop\/wp-json\/wp\/v2\/media\/48564"}],"wp:attachment":[{"href":"https:\/\/all-pets.de\/shop\/wp-json\/wp\/v2\/media?parent=48563"}],"wp:term":[{"taxonomy":"product_cat","embeddable":true,"href":"https:\/\/all-pets.de\/shop\/wp-json\/wp\/v2\/product_cat?post=48563"},{"taxonomy":"product_tag","embeddable":true,"href":"https:\/\/all-pets.de\/shop\/wp-json\/wp\/v2\/product_tag?post=48563"}],"curies":[{"name":"wp","href":"https:\/\/api.w.org\/{rel}","templated":true}]}}