{"id":48567,"date":"2023-12-12T10:58:29","date_gmt":"2023-12-12T09:58:29","guid":{"rendered":"https:\/\/pet-shopping.de\/shop\/produkt\/trixie-kratzbaum-federico-lichtgrau\/"},"modified":"2023-12-12T10:58:38","modified_gmt":"2023-12-12T09:58:38","slug":"trixie-kratzbaum-federico-lichtgrau","status":"publish","type":"product","link":"https:\/\/all-pets.de\/shop\/produkt\/trixie-kratzbaum-federico-lichtgrau\/","title":{"rendered":"Trixie Kratzbaum Federico &#8211; lichtgrau"},"content":{"rendered":"<ul>\n<li>St\u00e4mme mit Jute umwickelt<\/li>\n<li>Jute: \u00f8 6 mm\/Pl\u00fcsch (Polyester): 280 g\/m\u00b2<\/li>\n<li>H\u00f6hle mit Pl\u00fcsch (Polyester) ausgestattet<\/li>\n<li>Farbe: lichtgrau<\/li>\n<li>Grundfl\u00e4che: ca. 60 \u00d7 50 cm<\/li>\n<li>H\u00f6he: ca. 142 cm<\/li>\n<li>Stammdurchmesser: ca. 9 cm<\/li>\n<\/ul>\n","protected":false},"excerpt":{"rendered":"<p>St\u00e4mme mit Jute umwickelt Jute: \u00f8 6 mm\/Pl\u00fcsch (Polyester): 280 g\/m\u00b2 H\u00f6hle mit Pl\u00fcsch (Polyester) ausgestattet Farbe: lichtgrau Grundfl\u00e4che: ca. 60 \u00d7 50 cm H\u00f6he: ca. 142 cm Stammdurchmesser: ca. 9 cm<\/p>\n","protected":false},"featured_media":48568,"comment_status":"closed","ping_status":"open","template":"","meta":[],"product_cat":[14520],"product_tag":[],"class_list":{"0":"post-48567","1":"product","2":"type-product","3":"status-publish","4":"has-post-thumbnail","6":"product_cat-bis-175-cm","8":"first","9":"instock","10":"taxable","11":"shipping-taxable","12":"purchasable","13":"product-type-simple"},"_links":{"self":[{"href":"https:\/\/all-pets.de\/shop\/wp-json\/wp\/v2\/product\/48567","targetHints":{"allow":["GET"]}}],"collection":[{"href":"https:\/\/all-pets.de\/shop\/wp-json\/wp\/v2\/product"}],"about":[{"href":"https:\/\/all-pets.de\/shop\/wp-json\/wp\/v2\/types\/product"}],"replies":[{"embeddable":true,"href":"https:\/\/all-pets.de\/shop\/wp-json\/wp\/v2\/comments?post=48567"}],"wp:featuredmedia":[{"embeddable":true,"href":"https:\/\/all-pets.de\/shop\/wp-json\/wp\/v2\/media\/48568"}],"wp:attachment":[{"href":"https:\/\/all-pets.de\/shop\/wp-json\/wp\/v2\/media?parent=48567"}],"wp:term":[{"taxonomy":"product_cat","embeddable":true,"href":"https:\/\/all-pets.de\/shop\/wp-json\/wp\/v2\/product_cat?post=48567"},{"taxonomy":"product_tag","embeddable":true,"href":"https:\/\/all-pets.de\/shop\/wp-json\/wp\/v2\/product_tag?post=48567"}],"curies":[{"name":"wp","href":"https:\/\/api.w.org\/{rel}","templated":true}]}}