{"id":48574,"date":"2023-12-12T10:58:29","date_gmt":"2023-12-12T09:58:29","guid":{"rendered":"https:\/\/pet-shopping.de\/shop\/produkt\/trixie-laufteller-aus-holz-20-cm\/"},"modified":"2023-12-12T10:58:39","modified_gmt":"2023-12-12T09:58:39","slug":"trixie-laufteller-aus-holz-20-cm","status":"publish","type":"product","link":"https:\/\/all-pets.de\/shop\/produkt\/trixie-laufteller-aus-holz-20-cm\/","title":{"rendered":"Trixie Laufteller aus Holz &#8211; 20 cm"},"content":{"rendered":"<ul>\n<li>leichtg\u00e4ngig und leise durch Kugellager<\/li>\n<li>Schonung der Wirbels\u00e4ule durch flache Lauffl\u00e4che<\/li>\n<li>Holz<\/li>\n<li>Durchmesser: ca. 20 cm<\/li>\n<li>f\u00fcr z. B.: M\u00e4use, Hamster<\/li>\n<\/ul>\n","protected":false},"excerpt":{"rendered":"<p>leichtg\u00e4ngig und leise durch Kugellager Schonung der Wirbels\u00e4ule durch flache Lauffl\u00e4che Holz Durchmesser: ca. 20 cm f\u00fcr z. B.: M\u00e4use, Hamster<\/p>\n","protected":false},"featured_media":48575,"comment_status":"closed","ping_status":"open","template":"","meta":[],"product_cat":[15082],"product_tag":[],"class_list":{"0":"post-48574","1":"product","2":"type-product","3":"status-publish","4":"has-post-thumbnail","6":"product_cat-laufraeder-ausstattung-zubehoer-kleintierwelt","8":"first","9":"instock","10":"taxable","11":"shipping-taxable","12":"purchasable","13":"product-type-simple"},"_links":{"self":[{"href":"https:\/\/all-pets.de\/shop\/wp-json\/wp\/v2\/product\/48574","targetHints":{"allow":["GET"]}}],"collection":[{"href":"https:\/\/all-pets.de\/shop\/wp-json\/wp\/v2\/product"}],"about":[{"href":"https:\/\/all-pets.de\/shop\/wp-json\/wp\/v2\/types\/product"}],"replies":[{"embeddable":true,"href":"https:\/\/all-pets.de\/shop\/wp-json\/wp\/v2\/comments?post=48574"}],"wp:featuredmedia":[{"embeddable":true,"href":"https:\/\/all-pets.de\/shop\/wp-json\/wp\/v2\/media\/48575"}],"wp:attachment":[{"href":"https:\/\/all-pets.de\/shop\/wp-json\/wp\/v2\/media?parent=48574"}],"wp:term":[{"taxonomy":"product_cat","embeddable":true,"href":"https:\/\/all-pets.de\/shop\/wp-json\/wp\/v2\/product_cat?post=48574"},{"taxonomy":"product_tag","embeddable":true,"href":"https:\/\/all-pets.de\/shop\/wp-json\/wp\/v2\/product_tag?post=48574"}],"curies":[{"name":"wp","href":"https:\/\/api.w.org\/{rel}","templated":true}]}}