{"id":48576,"date":"2023-12-12T10:58:29","date_gmt":"2023-12-12T09:58:29","guid":{"rendered":"https:\/\/pet-shopping.de\/shop\/produkt\/pet-star-shampoo-bar-apfel-60g\/"},"modified":"2023-12-12T10:58:39","modified_gmt":"2023-12-12T09:58:39","slug":"pet-star-shampoo-bar-apfel-60g","status":"publish","type":"product","link":"https:\/\/all-pets.de\/shop\/produkt\/pet-star-shampoo-bar-apfel-60g\/","title":{"rendered":"Pet-Star Shampoo Bar Apfel &#8211; 60g"},"content":{"rendered":"<p><b>Pet-Star Shampoo Bars &#8211; Gut f\u00fcrs Tier, gut f\u00fcr die Umwelt.<br \/><\/b>Hochreinigende und pflegende Shampoo-Bar mit Apfelduft f\u00fcr ein herrlich duftenden Hund.<\/p>\n<p>Mit dem festen Shampoo vom Hersteller Pet-Star sparen Sie nicht nur jede Menge unn\u00f6tigen Plastikm\u00fcll im Vergleich zu klassischem Hunde-Shampoo sondern bieten Ihrem Vierbeiner gleichzeitig eine optimale Fellpflege.<\/p>\n<p>Der enthaltene Conditioner sorgt f\u00fcr besonderen Fellglanz und mehr Geschmeidigkeit. Durch die milde Rezeptur auch f\u00fcr Hunde mit sensibler Haut bestens geeignet.<\/p>\n<p>Die Shampoo Bar wird in einer prakischen Aufbewahrungsdose geliefert.<\/p>\n<p><b>TIPP:<\/b> Mit dem separat erh\u00e4ltlichen Pet-Star Schaumnetz (Art. Nr. PS-90436) wird au\u00dferdem eine perfekte L\u00f6sung zur Aufbewahrung und Anwendung angeboten. Es verf\u00fcgt \u00fcber eine Handschlaufe, wodurch man die Shampoo Bar stets griffbereit hat. Nach dem Gebrauch kann man das feste Shampoo dann einfach im Schaumnetz trocknen lassen.<\/p>\n<p><b>Anwendung:<\/b> <br \/>Das Fell mit lauchwarmem Wasser befeuchten, dann das Shampoo auftragen und etwas einmassieren, kurz einwirken lassen und gr\u00fcndlich aussp\u00fclen.<\/p>\n<p><b>Inhaltsstoffe:<\/b> <br \/>sodium coco-sulfate, sodium palmitate, sodium palm kernelate, glycerin, aqua, Butyrospermum parkii butter, Malus domestica fruit extract, Pyrus malus oil, CI 11680, CI 74160.<\/p>\n<p>Nur zur \u00e4u\u00dferlichen Anwendung. Kontakt mit Augen und Nase vermeiden.<\/p>\n","protected":false},"excerpt":{"rendered":"<p>Pet-Star Shampoo Bars &#8211; Gut f\u00fcrs Tier, gut f\u00fcr die Umwelt.Hochreinigende und pflegende Shampoo-Bar mit Apfelduft f\u00fcr ein herrlich duftenden Hund. Mit dem festen Shampoo vom Hersteller Pet-Star sparen Sie nicht nur jede Menge unn\u00f6tigen Plastikm\u00fcll im Vergleich zu klassischem Hunde-Shampoo sondern bieten Ihrem Vierbeiner gleichzeitig eine optimale Fellpflege. Der enthaltene Conditioner sorgt f\u00fcr besonderen [&hellip;]<\/p>\n","protected":false},"featured_media":48577,"comment_status":"closed","ping_status":"open","template":"","meta":[],"product_cat":[14071],"product_tag":[],"class_list":{"0":"post-48576","1":"product","2":"type-product","3":"status-publish","4":"has-post-thumbnail","6":"product_cat-shampoos","8":"first","9":"instock","10":"taxable","11":"shipping-taxable","12":"purchasable","13":"product-type-simple"},"_links":{"self":[{"href":"https:\/\/all-pets.de\/shop\/wp-json\/wp\/v2\/product\/48576","targetHints":{"allow":["GET"]}}],"collection":[{"href":"https:\/\/all-pets.de\/shop\/wp-json\/wp\/v2\/product"}],"about":[{"href":"https:\/\/all-pets.de\/shop\/wp-json\/wp\/v2\/types\/product"}],"replies":[{"embeddable":true,"href":"https:\/\/all-pets.de\/shop\/wp-json\/wp\/v2\/comments?post=48576"}],"wp:featuredmedia":[{"embeddable":true,"href":"https:\/\/all-pets.de\/shop\/wp-json\/wp\/v2\/media\/48577"}],"wp:attachment":[{"href":"https:\/\/all-pets.de\/shop\/wp-json\/wp\/v2\/media?parent=48576"}],"wp:term":[{"taxonomy":"product_cat","embeddable":true,"href":"https:\/\/all-pets.de\/shop\/wp-json\/wp\/v2\/product_cat?post=48576"},{"taxonomy":"product_tag","embeddable":true,"href":"https:\/\/all-pets.de\/shop\/wp-json\/wp\/v2\/product_tag?post=48576"}],"curies":[{"name":"wp","href":"https:\/\/api.w.org\/{rel}","templated":true}]}}