{"id":48602,"date":"2023-12-12T10:58:41","date_gmt":"2023-12-12T09:58:41","guid":{"rendered":"https:\/\/pet-shopping.de\/shop\/produkt\/trixie-katzenspielzeug-baldrian-herz\/"},"modified":"2023-12-12T10:58:45","modified_gmt":"2023-12-12T09:58:45","slug":"trixie-katzenspielzeug-baldrian-herz","status":"publish","type":"product","link":"https:\/\/all-pets.de\/shop\/produkt\/trixie-katzenspielzeug-baldrian-herz\/","title":{"rendered":"Trixie Katzenspielzeug Baldrian-Herz"},"content":{"rendered":"<ul>\n<li>Filz\/Stoff<\/li>\n<li>mit Schelle<\/li>\n<li>mit Baldrian<\/li>\n<li>Gr\u00f6\u00dfe: ca. 11 cm<\/li>\n<li>Diverse Farben. Eine Farbwahl ist leider nicht m\u00f6glich, da die Farbe je nach Lagerbestand gew\u00e4hlt wird.<\/li>\n<\/ul>\n","protected":false},"excerpt":{"rendered":"<p>Filz\/Stoff mit Schelle mit Baldrian Gr\u00f6\u00dfe: ca. 11 cm Diverse Farben. Eine Farbwahl ist leider nicht m\u00f6glich, da die Farbe je nach Lagerbestand gew\u00e4hlt wird.<\/p>\n","protected":false},"featured_media":48603,"comment_status":"closed","ping_status":"open","template":"","meta":[],"product_cat":[13702],"product_tag":[],"class_list":{"0":"post-48602","1":"product","2":"type-product","3":"status-publish","4":"has-post-thumbnail","6":"product_cat-catnip-baldrian-spielzeug-katzenspielzeug","8":"first","9":"instock","10":"taxable","11":"shipping-taxable","12":"purchasable","13":"product-type-simple"},"_links":{"self":[{"href":"https:\/\/all-pets.de\/shop\/wp-json\/wp\/v2\/product\/48602","targetHints":{"allow":["GET"]}}],"collection":[{"href":"https:\/\/all-pets.de\/shop\/wp-json\/wp\/v2\/product"}],"about":[{"href":"https:\/\/all-pets.de\/shop\/wp-json\/wp\/v2\/types\/product"}],"replies":[{"embeddable":true,"href":"https:\/\/all-pets.de\/shop\/wp-json\/wp\/v2\/comments?post=48602"}],"wp:featuredmedia":[{"embeddable":true,"href":"https:\/\/all-pets.de\/shop\/wp-json\/wp\/v2\/media\/48603"}],"wp:attachment":[{"href":"https:\/\/all-pets.de\/shop\/wp-json\/wp\/v2\/media?parent=48602"}],"wp:term":[{"taxonomy":"product_cat","embeddable":true,"href":"https:\/\/all-pets.de\/shop\/wp-json\/wp\/v2\/product_cat?post=48602"},{"taxonomy":"product_tag","embeddable":true,"href":"https:\/\/all-pets.de\/shop\/wp-json\/wp\/v2\/product_tag?post=48602"}],"curies":[{"name":"wp","href":"https:\/\/api.w.org\/{rel}","templated":true}]}}