{"id":48606,"date":"2023-12-12T10:58:41","date_gmt":"2023-12-12T09:58:41","guid":{"rendered":"https:\/\/pet-shopping.de\/shop\/produkt\/gimcat-sticks-gefluegel-4-stueck\/"},"modified":"2023-12-12T10:58:46","modified_gmt":"2023-12-12T09:58:46","slug":"gimcat-sticks-gefluegel-4-stueck","status":"publish","type":"product","link":"https:\/\/all-pets.de\/shop\/produkt\/gimcat-sticks-gefluegel-4-stueck\/","title":{"rendered":"GimCat Sticks Gefl\u00fcgel &#8211; 4 St\u00fcck"},"content":{"rendered":"<p>GimCat Sticks sind das au\u00dfergew\u00f6hnliche Geschmackserlebnis f\u00fcr die verw\u00f6hnte Katze. Sie werden mit Gefl\u00fcgel veredelt und enthalten Vitamine und Taurin. Getreidefreie Formel. Ohne Farbstoffe<\/p>\n<p>Inhaltsstoffe:<\/p>\n<p>Analytische Bestandteile:<\/p>\n<p>Protein 33,0 %<\/p>\n<p>Fettgehalt 19,0 %<\/p>\n<p>Rohfaser 2,0 %<\/p>\n<p>Rohasche 9,0 %<\/p>\n<p>Feuchtigkeit 27,0 %<\/p>\n<p>\u00a0<\/p>\n<p>Zusatzstoffe pro 1 kg:<\/p>\n<p>Ern\u00e4hrungsphysiologische Zusatzstoffe:<\/p>\n<p>Vit. A: 5.000 I.E<br \/>Vit. D3: 500 I.E.<br \/>Vit. E (alfatokoferol): 5 mg<\/p>\n<p>Mit Antioxidations- und Konservierungsmittel<\/p>\n<p>Zusammensetzung:<\/p>\n<p>Fleisch und tierische Nebenerzeugnisse (90 %, davon 54 % vom Gefl\u00fcgel), Hefen, Zucker, Mineralstoffe<\/p>\n<p>\u00a0<\/p>\n<p>F\u00fctterungsempfehlung:<\/p>\n<p>Erwachsene Katzen 1 &#8211; 2 Sticks pro Tag.<\/p>\n<p>Maximal 5 Sticks pro Woche verf\u00fcttern.<\/p>\n<p>Bitte stets frisches Wasser zur Verf\u00fcgung stellen.<\/p>\n","protected":false},"excerpt":{"rendered":"<p>GimCat Sticks sind das au\u00dfergew\u00f6hnliche Geschmackserlebnis f\u00fcr die verw\u00f6hnte Katze. Sie werden mit Gefl\u00fcgel veredelt und enthalten Vitamine und Taurin. Getreidefreie Formel. Ohne Farbstoffe Inhaltsstoffe: Analytische Bestandteile: Protein 33,0 % Fettgehalt 19,0 % Rohfaser 2,0 % Rohasche 9,0 % Feuchtigkeit 27,0 % \u00a0 Zusatzstoffe pro 1 kg: Ern\u00e4hrungsphysiologische Zusatzstoffe: Vit. A: 5.000 I.EVit. D3: 500 [&hellip;]<\/p>\n","protected":false},"featured_media":48607,"comment_status":"closed","ping_status":"open","template":"","meta":[],"product_cat":[13785],"product_tag":[],"class_list":{"0":"post-48606","1":"product","2":"type-product","3":"status-publish","4":"has-post-thumbnail","6":"product_cat-gimcat","8":"first","9":"instock","10":"taxable","11":"shipping-taxable","12":"purchasable","13":"product-type-simple"},"_links":{"self":[{"href":"https:\/\/all-pets.de\/shop\/wp-json\/wp\/v2\/product\/48606","targetHints":{"allow":["GET"]}}],"collection":[{"href":"https:\/\/all-pets.de\/shop\/wp-json\/wp\/v2\/product"}],"about":[{"href":"https:\/\/all-pets.de\/shop\/wp-json\/wp\/v2\/types\/product"}],"replies":[{"embeddable":true,"href":"https:\/\/all-pets.de\/shop\/wp-json\/wp\/v2\/comments?post=48606"}],"wp:featuredmedia":[{"embeddable":true,"href":"https:\/\/all-pets.de\/shop\/wp-json\/wp\/v2\/media\/48607"}],"wp:attachment":[{"href":"https:\/\/all-pets.de\/shop\/wp-json\/wp\/v2\/media?parent=48606"}],"wp:term":[{"taxonomy":"product_cat","embeddable":true,"href":"https:\/\/all-pets.de\/shop\/wp-json\/wp\/v2\/product_cat?post=48606"},{"taxonomy":"product_tag","embeddable":true,"href":"https:\/\/all-pets.de\/shop\/wp-json\/wp\/v2\/product_tag?post=48606"}],"curies":[{"name":"wp","href":"https:\/\/api.w.org\/{rel}","templated":true}]}}