{"id":48608,"date":"2023-12-12T10:58:41","date_gmt":"2023-12-12T09:58:41","guid":{"rendered":"https:\/\/pet-shopping.de\/shop\/produkt\/gimcat-sticks-truthahn-kaninchen-4-stueck\/"},"modified":"2023-12-12T10:58:46","modified_gmt":"2023-12-12T09:58:46","slug":"gimcat-sticks-truthahn-kaninchen-4-stueck","status":"publish","type":"product","link":"https:\/\/all-pets.de\/shop\/produkt\/gimcat-sticks-truthahn-kaninchen-4-stueck\/","title":{"rendered":"GimCat Sticks Truthahn &#038; Kaninchen &#8211; 4 St\u00fcck"},"content":{"rendered":"<p>GimCat Sticks sind das au\u00dfergew\u00f6hnliche Geschmackserlebnis f\u00fcr die verw\u00f6hnte Katze. Sie werden mit Gefl\u00fcgel veredelt und enthalten Vitamine und Taurin. Getreidefreie Formel. Ohne Farbstoffe<\/p>\n<p>Zusammensetzung:<\/p>\n<p>Fleisch und tierische Nebenerzeugnisse (95%, 26% vom Truthahn und 14% vom Kaninchen), Hefen, Mineralstoffe<\/p>\n<p>Analytische Bestandteile<\/p>\n<p>Protein 39,0%, Fettgehalt 18,0%, Rohasche 6,0%, Rohfaser 1,0%, Feuchtigkeit 27,0%<\/p>\n<p>Zusatzstoffe pro kg<\/p>\n<p>Vitamin A 5.000,0 IE, Vitamin D3 500,0 IE, Vitamin E 5,0 mg, Taurin 1.000 mg<\/p>\n<p>F\u00fctterungsempfehlung:<\/p>\n<p>Erwachsene Katzen 1 &#8211; 2 Sticks pro Tag.<\/p>\n<p>Maximal 5 Sticks pro Woche verf\u00fcttern.<\/p>\n<p>Bitte stets frisches Wasser zur Verf\u00fcgung stellen.<\/p>\n","protected":false},"excerpt":{"rendered":"<p>GimCat Sticks sind das au\u00dfergew\u00f6hnliche Geschmackserlebnis f\u00fcr die verw\u00f6hnte Katze. Sie werden mit Gefl\u00fcgel veredelt und enthalten Vitamine und Taurin. Getreidefreie Formel. Ohne Farbstoffe Zusammensetzung: Fleisch und tierische Nebenerzeugnisse (95%, 26% vom Truthahn und 14% vom Kaninchen), Hefen, Mineralstoffe Analytische Bestandteile Protein 39,0%, Fettgehalt 18,0%, Rohasche 6,0%, Rohfaser 1,0%, Feuchtigkeit 27,0% Zusatzstoffe pro kg Vitamin [&hellip;]<\/p>\n","protected":false},"featured_media":48609,"comment_status":"closed","ping_status":"open","template":"","meta":[],"product_cat":[13785],"product_tag":[],"class_list":{"0":"post-48608","1":"product","2":"type-product","3":"status-publish","4":"has-post-thumbnail","6":"product_cat-gimcat","8":"first","9":"instock","10":"taxable","11":"shipping-taxable","12":"purchasable","13":"product-type-simple"},"_links":{"self":[{"href":"https:\/\/all-pets.de\/shop\/wp-json\/wp\/v2\/product\/48608","targetHints":{"allow":["GET"]}}],"collection":[{"href":"https:\/\/all-pets.de\/shop\/wp-json\/wp\/v2\/product"}],"about":[{"href":"https:\/\/all-pets.de\/shop\/wp-json\/wp\/v2\/types\/product"}],"replies":[{"embeddable":true,"href":"https:\/\/all-pets.de\/shop\/wp-json\/wp\/v2\/comments?post=48608"}],"wp:featuredmedia":[{"embeddable":true,"href":"https:\/\/all-pets.de\/shop\/wp-json\/wp\/v2\/media\/48609"}],"wp:attachment":[{"href":"https:\/\/all-pets.de\/shop\/wp-json\/wp\/v2\/media?parent=48608"}],"wp:term":[{"taxonomy":"product_cat","embeddable":true,"href":"https:\/\/all-pets.de\/shop\/wp-json\/wp\/v2\/product_cat?post=48608"},{"taxonomy":"product_tag","embeddable":true,"href":"https:\/\/all-pets.de\/shop\/wp-json\/wp\/v2\/product_tag?post=48608"}],"curies":[{"name":"wp","href":"https:\/\/api.w.org\/{rel}","templated":true}]}}