{"id":48611,"date":"2023-12-12T10:58:41","date_gmt":"2023-12-12T09:58:41","guid":{"rendered":"https:\/\/pet-shopping.de\/shop\/produkt\/trixie-pluesch-herz-mit-baldrian\/"},"modified":"2023-12-12T10:58:46","modified_gmt":"2023-12-12T09:58:46","slug":"trixie-pluesch-herz-mit-baldrian","status":"publish","type":"product","link":"https:\/\/all-pets.de\/shop\/produkt\/trixie-pluesch-herz-mit-baldrian\/","title":{"rendered":"Trixie Pl\u00fcsch-Herz mit Baldrian"},"content":{"rendered":"<ul>\n<li>Pl\u00fcsch (Polyester)\/Lieschblatt<\/li>\n<li>mit Baldrian<\/li>\n<li>Gr\u00f6\u00dfe: ca. 14 cm<\/li>\n<li>Diverse Farben\/Muster. Eine Motivwahl ist leider nicht m\u00f6glich, da die Variante je nach Lagerbestand gew\u00e4hlt wird.<\/li>\n<li>1 St\u00fcck<\/li>\n<\/ul>\n","protected":false},"excerpt":{"rendered":"<p>Pl\u00fcsch (Polyester)\/Lieschblatt mit Baldrian Gr\u00f6\u00dfe: ca. 14 cm Diverse Farben\/Muster. Eine Motivwahl ist leider nicht m\u00f6glich, da die Variante je nach Lagerbestand gew\u00e4hlt wird. 1 St\u00fcck<\/p>\n","protected":false},"featured_media":48612,"comment_status":"closed","ping_status":"open","template":"","meta":[],"product_cat":[13702],"product_tag":[],"class_list":{"0":"post-48611","1":"product","2":"type-product","3":"status-publish","4":"has-post-thumbnail","6":"product_cat-catnip-baldrian-spielzeug-katzenspielzeug","8":"first","9":"instock","10":"taxable","11":"shipping-taxable","12":"purchasable","13":"product-type-simple"},"_links":{"self":[{"href":"https:\/\/all-pets.de\/shop\/wp-json\/wp\/v2\/product\/48611","targetHints":{"allow":["GET"]}}],"collection":[{"href":"https:\/\/all-pets.de\/shop\/wp-json\/wp\/v2\/product"}],"about":[{"href":"https:\/\/all-pets.de\/shop\/wp-json\/wp\/v2\/types\/product"}],"replies":[{"embeddable":true,"href":"https:\/\/all-pets.de\/shop\/wp-json\/wp\/v2\/comments?post=48611"}],"wp:featuredmedia":[{"embeddable":true,"href":"https:\/\/all-pets.de\/shop\/wp-json\/wp\/v2\/media\/48612"}],"wp:attachment":[{"href":"https:\/\/all-pets.de\/shop\/wp-json\/wp\/v2\/media?parent=48611"}],"wp:term":[{"taxonomy":"product_cat","embeddable":true,"href":"https:\/\/all-pets.de\/shop\/wp-json\/wp\/v2\/product_cat?post=48611"},{"taxonomy":"product_tag","embeddable":true,"href":"https:\/\/all-pets.de\/shop\/wp-json\/wp\/v2\/product_tag?post=48611"}],"curies":[{"name":"wp","href":"https:\/\/api.w.org\/{rel}","templated":true}]}}